{"id":12122,"date":"2024-11-09T12:37:58","date_gmt":"2024-11-09T11:37:58","guid":{"rendered":"https:\/\/drdelbarrio.es\/farmacia\/apt\/alkotox\/"},"modified":"2025-01-14T21:18:33","modified_gmt":"2025-01-14T20:18:33","slug":"alkotox","status":"publish","type":"product","link":"https:\/\/policlinicalacibismartinez.es\/farmacia\/apt\/alkotox\/","title":{"rendered":"Alkotox"},"content":{"rendered":"\n<h2 class=\"wp-block-heading\">\u00bfQu\u00e9 es Alkotox y c\u00f3mo funciona?<\/h2>\n\n\n\n<p>Alkotox es un complemento alimenticio destinado a apoyar al organismo en la lucha contra la adicci\u00f3n al alcohol. Su <em>composici\u00f3n<\/em> se basa en ingredientes naturales como extracto de ra\u00edz de kudzu, extracto de fruto de schisandra chinensis, extracto de tallo de tomillo, tallo de diente de le\u00f3n, extracto de ra\u00edz, extracto de fruto de cardo mariano, extracto de ra\u00edz de regaliz. Como resultado, Alkotox puede ayudar a reducir la ansiedad por el alcohol y apoyar al organismo en su recuperaci\u00f3n.<\/p>\n\n\n\n<p>Cabe se\u00f1alar que <em>el precio<\/em> del producto puede depender de las promociones vigentes. Tenga en cuenta tambi\u00e9n que Alkotox no est\u00e1 disponible en farmacias y s\u00f3lo puede adquirirse directamente en el sitio web oficial del fabricante.<\/p>\n\n\n\n<p>A continuaci\u00f3n se ofrece informaci\u00f3n clave sobre Alkotox:<\/p>\n\n\n\n<ul class=\"wp-block-list\">\n<li>Ayuda a reducir la ansiedad por el alcohol<\/li>\n\n\n\n<li>Ayuda al organismo a recuperarse<\/li>\n\n\n\n<li>Tiene una <em>composici\u00f3n<\/em> natural<\/li>\n\n\n\n<li>Su <em>precio<\/em> puede depender de la promoci\u00f3n<\/li>\n<\/ul>\n\n\n\n<p>Alkotox es un producto que puede ser \u00fatil para las personas que quieren dejar el alcohol. Su <em>composici\u00f3n<\/em> natural y su capacidad para ayudar a reducir la ansiedad por el alcohol pueden ser un gran apoyo en el camino hacia la sobriedad.<\/p>\n\n\n\n<h2 class=\"wp-block-heading\">Beneficios de Alkotox &#8211; Efectos<\/h2>\n\n\n\n<p><b>El uso de<\/b> Alkotox puede aportar muchos beneficios a las personas que tienen problemas con el consumo excesivo de alcohol. En <em>primer lugar<\/em>, el producto ayuda al organismo a eliminar toxinas y a regenerar el h\u00edgado. Adem\u00e1s, Alkotox contiene ingredientes calmantes y que mejoran el estado de \u00e1nimo, como el extracto de menta.<\/p>\n\n\n\n<p>Para obtener los mejores resultados, se recomienda <em>dosificar<\/em> Alkotox dos veces al d\u00eda. A continuaci\u00f3n se enumeran algunos de los beneficios del uso de Alkotox:<\/p>\n\n\n\n<ul class=\"wp-block-list\">\n<li>Mejora del estado psicof\u00edsico<\/li>\n\n\n\n<li>Eliminaci\u00f3n de toxinas del organismo<\/li>\n\n\n\n<li>Regeneraci\u00f3n hep\u00e1tica<\/li>\n\n\n\n<li>Calma y mejora el estado de \u00e1nimo<\/li>\n<\/ul>\n\n\n\n<p>Alkotox s\u00f3lo est\u00e1 disponible en el sitio web oficial del fabricante, lo que garantiza la autenticidad del producto y elimina el riesgo de falsificaciones. <b>El precio<\/b> del suplemento diet\u00e9tico Alkotox es de 179 PLN.<\/p>\n\n\n\n<figure class=\"wp-block-table\"><table class=\"has-fixed-layout\"><thead><tr><th>Beneficios<\/th><th>Descripci\u00f3n<\/th><\/tr><\/thead><tbody><tr><td>Mejora del estado psicof\u00edsico<\/td><td>Alkotox ayuda al organismo a eliminar toxinas y a regenerar el h\u00edgado, lo que contribuye a mejorar el estado mental y f\u00edsico.<\/td><\/tr><tr><td>Eliminaci\u00f3n de toxinas<\/td><td>Alkotox contiene ingredientes naturales que ayudan al organismo a eliminar toxinas.<\/td><\/tr><\/tbody><\/table><\/figure>\n\n\n\n<p>Para m\u00e1s informaci\u00f3n sobre Alkotox, le animamos a visitar la p\u00e1gina oficial del fabricante.<\/p>\n\n\n\n<h2 class=\"wp-block-heading\">\u00bfC\u00f3mo utilizar Alkotox? &#8211; Posolog\u00eda<\/h2>\n\n\n\n<p>Alkotox es un suplemento diet\u00e9tico que ayuda al organismo en la lucha contra la adicci\u00f3n al alcohol. El producto <em>ayuda<\/em> al organismo en el proceso de desintoxicaci\u00f3n y reduce los s\u00edntomas de abstinencia. La dosis recomendada es de 8-10 gotas, 2-3 veces al d\u00eda, antes, durante o despu\u00e9s de las comidas.<\/p>\n\n\n\n<p>En el <em>foro de<\/em> debate, muchos usuarios comparten sus experiencias de uso de Alkotox. El producto est\u00e1 disponible en forma de comprimidos y la caducidad recomendada es de 1 a\u00f1o. Es aconsejable leer el prospecto y consultar al m\u00e9dico antes de iniciar el tratamiento, especialmente en el caso de personas con contraindicaciones como intolerancia individual o menores de 18 a\u00f1os.<\/p>\n\n\n\n<ul class=\"wp-block-list\">\n<li>Cantidad de productos: 30 ml<\/li>\n\n\n\n<li>Dosis \u00fanica recomendada: 8-10 gotas<\/li>\n\n\n\n<li>Frecuencia de recepci\u00f3n: 2-3 veces al d\u00eda<\/li>\n<\/ul>\n\n\n\n<p>Alkotox no est\u00e1 disponible en farmacias, pero puede adquirirse en l\u00ednea o en puntos de venta seleccionados. La <em>acci\u00f3n<\/em> del producto se apoya en ingredientes naturales como el extracto de kudzu, la schisandra chinensis, el tomillo, el diente de le\u00f3n y el regaliz. El producto est\u00e1 destinado a las personas que desean reducir su adicci\u00f3n al alcohol y mejorar su salud.<\/p>\n\n\n\n<h2 class=\"wp-block-heading\">Cr\u00edticas y opiniones sobre Alkotox<\/h2>\n\n\n\n<p>Entre los usuarios de Alkotox, <b>los comentarios<\/b> son muy positivos. La mayor\u00eda de las personas que han utilizado el producto confirman su eficacia para reducir la dependencia del alcohol. <em>El prospecto<\/em> que acompa\u00f1a al producto proporciona informaci\u00f3n sobre su composici\u00f3n y la dosis recomendada.<\/p>\n\n\n\n<p>Las personas que han utilizado Alkotox elogian su <b>composici\u00f3n<\/b> natural, que incluye vitaminas B6 y B12, magnesio y potasio. La <em>farmacia<\/em> en l\u00ednea ofrece este producto en diferentes envases, lo que le permite elegir la cantidad adecuada de comprimidos. A continuaci\u00f3n encontrar\u00e1 algunas opiniones de personas que han utilizado Alkotox:<\/p>\n\n\n\n<ul class=\"wp-block-list\">\n<li>Jan: \u00abAlkotox es un producto maravilloso que me ha ayudado a dejar el alcohol. Estoy muy contento con los resultados\u00bb.<\/li>\n\n\n\n<li>Anna: \u00abAlkotox es un producto natural que no contiene sustancias nocivas. Estoy muy satisfecha con los resultados\u00bb.<\/li>\n\n\n\n<li>Peter: \u00abAlkotox es un producto que funciona de verdad. Me ayud\u00f3 a dejar el alcohol y a mejorar mi salud\u00bb.<\/li>\n<\/ul>\n\n\n\n<p>Estas opiniones confirman que Alkotox es un producto eficaz para reducir la dependencia del alcohol. Si est\u00e1 buscando un producto que le ayude a dejar el alcohol, Alkotox puede ser una buena elecci\u00f3n. Puede encontrar m\u00e1s informaci\u00f3n sobre este producto en una <em>farmacia<\/em> en l\u00ednea o leer <em>el prospecto<\/em> que viene con el producto.<\/p>\n\n\n\n<h2 class=\"wp-block-heading\">Alkotox &#8211; Composici\u00f3n &#8211; \u00bfQu\u00e9 contiene?<\/h2>\n\n\n\n<p>Alkotox es un suplemento diet\u00e9tico que contiene ingredientes naturales como extracto de ra\u00edz de kudzu, extracto de fruto de schisandra chinensis, extracto de tallo de tomillo, tallo de diente de le\u00f3n, extracto de ra\u00edz, extracto de fruto de cardo mariano, extracto de ra\u00edz de regaliz. El producto est\u00e1 disponible en el sitio web <em>oficial del fabricante<\/em>.<\/p>\n\n\n\n<p><b>La composici\u00f3n<\/b> alkotox incluye:<\/p>\n\n\n\n<ul class=\"wp-block-list\">\n<li>Disolvente (agua, alcohol et\u00edlico 22% vol.)<\/li>\n\n\n\n<li>Estabilizador (glicerol vegetal)<\/li>\n\n\n\n<li>Extracto de ra\u00edz de kudzu<\/li>\n\n\n\n<li>Extracto del fruto de Schisandra chinensis<\/li>\n\n\n\n<li>Extracto de tallo de tomillo<\/li>\n\n\n\n<li>Extracto de tallo y ra\u00edz de diente de le\u00f3n<\/li>\n\n\n\n<li>Extracto del fruto del cardo mariano<\/li>\n\n\n\n<li>Extracto de ra\u00edz de regaliz<\/li>\n\n\n\n<li>Regulador de la acidez (\u00e1cido c\u00edtrico)<\/li>\n<\/ul>\n\n\n\n<p><em>Los efectos secundarios<\/em> son muy raros y suelen deberse a una intolerancia individual a alguno de los ingredientes. Es aconsejable consultar a su m\u00e9dico o farmac\u00e9utico antes de tomar Alkotox.<\/p>\n\n\n\n<h2 class=\"wp-block-heading\">D\u00f3nde comprar Alkotox &#8211; precio<\/h2>\n\n\n\n<p>Alkotox est\u00e1 disponible exclusivamente en el sitio web oficial del fabricante. El <b>precio<\/b> del producto depende de las promociones vigentes. Actualmente, el producto est\u00e1 disponible con un descuento del 50%, lo que lo convierte en una oferta favorable para los interesados en el suplemento diet\u00e9tico.<\/p>\n\n\n\n<p>Antes de comprarlo, conviene comprobar las <em>contraindicaciones<\/em>, que son muy raras pero pueden darse en personas con intolerancia individual a alguno de los ingredientes. El producto no est\u00e1 disponible en farmacias estacionarias, por lo que la \u00fanica forma de adquirirlo es a trav\u00e9s de la p\u00e1gina web del fabricante.<\/p>\n\n\n\n<p>A continuaci\u00f3n encontrar\u00e1 informaci\u00f3n importante sobre la compra de Alkotox:<\/p>\n\n\n\n<ul class=\"wp-block-list\">\n<li>El producto s\u00f3lo est\u00e1 disponible en el sitio web oficial del fabricante<\/li>\n\n\n\n<li>El precio del producto depende de las promociones vigentes<\/li>\n\n\n\n<li>Ya est\u00e1 disponible un descuento del 50% sobre el producto<\/li>\n\n\n\n<li>Es aconsejable comprobar <em>las contraindicaciones<\/em> antes de la compra<\/li>\n<\/ul>\n\n\n\n<p>Conviene recordar que Alkotox es un complemento alimenticio que puede ayudar a reducir la sensaci\u00f3n de hambre y mejorar el bienestar. Sin embargo, debe consultar a su m\u00e9dico o farmac\u00e9utico antes de tomar el producto, especialmente si tiene <em>contraindicaciones<\/em> u otros problemas de salud.<\/p>\n\n\n\n<figure class=\"wp-block-table\"><table class=\"has-fixed-layout\"><tbody><tr><th>Informaci\u00f3n<\/th><th>Descripci\u00f3n<\/th><\/tr><tr><td>Precio<\/td><td>Sujeto a las promociones vigentes<\/td><\/tr><tr><td>Disponibilidad<\/td><td>S\u00f3lo en el sitio web oficial del fabricante<\/td><\/tr><tr><td><em>Contraindicaciones<\/em><\/td><td>Raro, pero puede ocurrir en personas con intolerancia individual<\/td><\/tr><\/tbody><\/table><\/figure>\n\n\n\n<h2 class=\"wp-block-heading\">Alkotox &#8211; Efectos secundarios y contraindicaciones<\/h2>\n\n\n\n<p>Aunque Alkotox se considera un suplemento diet\u00e9tico seguro y bien tolerado, pueden producirse <b>efectos secundarios<\/b> ocasionales, normalmente relacionados con una intolerancia individual a alguno de los ingredientes. Seg\u00fan los datos disponibles, la mayor\u00eda de los usuarios de Alkotox no informan de reacciones adversas. No obstante, es conveniente consultar a un m\u00e9dico antes de utilizar el suplemento, especialmente si se est\u00e1n tomando otros medicamentos o se padece alguna enfermedad espec\u00edfica, como cardiopat\u00edas o diabetes.<\/p>\n\n\n\n<p>Es importante recordar que Alkotox no es una droga y no debe considerarse como un sustituto de la ayuda profesional en la lucha contra la adicci\u00f3n al alcohol. Los remedios caseros, incluidos los suplementos diet\u00e9ticos, pueden ayudar a complementar la terapia, pero no deben ser el \u00fanico medio de tratamiento. El elemento m\u00e1s importante de la terapia es la motivaci\u00f3n y el apoyo de los seres queridos y los profesionales. S\u00f3lo un enfoque integral ofrece las mejores posibilidades de recuperaci\u00f3n duradera y de salir de la adicci\u00f3n.<\/p>\n","protected":false},"excerpt":{"rendered":"<p><strong>[date_countdown]<\/strong><\/p>\n<p><img decoding=\"async\" class=\"alignnone  wp-image-12413\" src=\"https:\/\/policlinicalacibismartinez.es\/farmacia\/wp-content\/uploads\/2024\/11\/SAFE-PAY-300x88-1.png\" alt=\"SAFE-PAY\" width=\"170\" height=\"50\" \/><\/p>\n","protected":false},"featured_media":12121,"comment_status":"open","ping_status":"closed","template":"","meta":{"neve_meta_sidebar":"","neve_meta_container":"","neve_meta_enable_content_width":"","neve_meta_content_width":0,"neve_meta_title_alignment":"","neve_meta_author_avatar":"","neve_post_elements_order":"","neve_meta_disable_header":"","neve_meta_disable_footer":"","neve_meta_disable_title":"","neve_meta_reading_time":""},"product_brand":[],"product_cat":[33],"product_tag":[],"class_list":{"0":"post-12122","1":"product","2":"type-product","3":"status-publish","4":"has-post-thumbnail","6":"product_cat-salud","8":"first","9":"instock","10":"sale","11":"shipping-taxable","12":"product-type-external"},"yoast_head":"<!-- This site is optimized with the Yoast SEO plugin v27.4 - https:\/\/yoast.com\/product\/yoast-seo-wordpress\/ -->\n<title>Alkotox - Opiniones, Foro, Precio, Farmacia, Efectos | -50%<\/title>\n<meta name=\"robots\" content=\"index, follow, max-snippet:-1, max-image-preview:large, max-video-preview:-1\" \/>\n<link rel=\"canonical\" href=\"https:\/\/policlinicalacibismartinez.es\/farmacia\/apt\/alkotox\/\" \/>\n<meta property=\"og:locale\" content=\"es_ES\" \/>\n<meta property=\"og:type\" content=\"article\" \/>\n<meta property=\"og:title\" content=\"Alkotox - Opiniones, Foro, Precio, Farmacia, Efectos | -50%\" \/>\n<meta property=\"og:url\" content=\"https:\/\/policlinicalacibismartinez.es\/farmacia\/apt\/alkotox\/\" \/>\n<meta property=\"og:site_name\" content=\"PoliclinicaLacibisMartinez\" \/>\n<meta property=\"article:modified_time\" content=\"2025-01-14T20:18:33+00:00\" \/>\n<meta property=\"og:image\" content=\"https:\/\/policlinicalacibismartinez.es\/farmacia\/wp-content\/uploads\/2024\/11\/alkotox.jpg\" \/>\n\t<meta property=\"og:image:width\" content=\"768\" \/>\n\t<meta property=\"og:image:height\" content=\"768\" \/>\n\t<meta property=\"og:image:type\" content=\"image\/jpeg\" \/>\n<meta name=\"twitter:card\" content=\"summary_large_image\" \/>\n<meta name=\"twitter:description\" content=\"[date_countdown]\" \/>\n<meta name=\"twitter:label1\" content=\"Tiempo de lectura\" \/>\n\t<meta name=\"twitter:data1\" content=\"7 minutos\" \/>\n<script type=\"application\/ld+json\" class=\"yoast-schema-graph\">{\"@context\":\"https:\\\/\\\/schema.org\",\"@graph\":[{\"@type\":\"WebPage\",\"@id\":\"https:\\\/\\\/policlinicalacibismartinez.es\\\/farmacia\\\/apt\\\/alkotox\\\/\",\"url\":\"https:\\\/\\\/policlinicalacibismartinez.es\\\/farmacia\\\/apt\\\/alkotox\\\/\",\"name\":\"Alkotox - Opiniones, Foro, Precio, Farmacia, Efectos | -50%\",\"isPartOf\":{\"@id\":\"https:\\\/\\\/policlinicalacibismartinez.es\\\/farmacia\\\/#website\"},\"primaryImageOfPage\":{\"@id\":\"https:\\\/\\\/policlinicalacibismartinez.es\\\/farmacia\\\/apt\\\/alkotox\\\/#primaryimage\"},\"image\":{\"@id\":\"https:\\\/\\\/policlinicalacibismartinez.es\\\/farmacia\\\/apt\\\/alkotox\\\/#primaryimage\"},\"thumbnailUrl\":\"https:\\\/\\\/policlinicalacibismartinez.es\\\/farmacia\\\/wp-content\\\/uploads\\\/2024\\\/11\\\/alkotox.jpg\",\"datePublished\":\"2024-11-09T11:37:58+00:00\",\"dateModified\":\"2025-01-14T20:18:33+00:00\",\"breadcrumb\":{\"@id\":\"https:\\\/\\\/policlinicalacibismartinez.es\\\/farmacia\\\/apt\\\/alkotox\\\/#breadcrumb\"},\"inLanguage\":\"es\",\"potentialAction\":[{\"@type\":\"ReadAction\",\"target\":[\"https:\\\/\\\/policlinicalacibismartinez.es\\\/farmacia\\\/apt\\\/alkotox\\\/\"]}]},{\"@type\":\"ImageObject\",\"inLanguage\":\"es\",\"@id\":\"https:\\\/\\\/policlinicalacibismartinez.es\\\/farmacia\\\/apt\\\/alkotox\\\/#primaryimage\",\"url\":\"https:\\\/\\\/policlinicalacibismartinez.es\\\/farmacia\\\/wp-content\\\/uploads\\\/2024\\\/11\\\/alkotox.jpg\",\"contentUrl\":\"https:\\\/\\\/policlinicalacibismartinez.es\\\/farmacia\\\/wp-content\\\/uploads\\\/2024\\\/11\\\/alkotox.jpg\",\"width\":768,\"height\":768},{\"@type\":\"BreadcrumbList\",\"@id\":\"https:\\\/\\\/policlinicalacibismartinez.es\\\/farmacia\\\/apt\\\/alkotox\\\/#breadcrumb\",\"itemListElement\":[{\"@type\":\"ListItem\",\"position\":1,\"name\":\"Strona g\u0142\u00f3wna\",\"item\":\"https:\\\/\\\/policlinicalacibismartinez.es\\\/farmacia\\\/\"},{\"@type\":\"ListItem\",\"position\":2,\"name\":\"Produkte\",\"item\":\"https:\\\/\\\/policlinicalacibismartinez.es\\\/farmacia\\\/\"},{\"@type\":\"ListItem\",\"position\":3,\"name\":\"Alkotox\"}]},{\"@type\":\"WebSite\",\"@id\":\"https:\\\/\\\/policlinicalacibismartinez.es\\\/farmacia\\\/#website\",\"url\":\"https:\\\/\\\/policlinicalacibismartinez.es\\\/farmacia\\\/\",\"name\":\"PoliclinicaLacibisMartinez\",\"description\":\"\",\"potentialAction\":[{\"@type\":\"SearchAction\",\"target\":{\"@type\":\"EntryPoint\",\"urlTemplate\":\"https:\\\/\\\/policlinicalacibismartinez.es\\\/farmacia\\\/?s={search_term_string}\"},\"query-input\":{\"@type\":\"PropertyValueSpecification\",\"valueRequired\":true,\"valueName\":\"search_term_string\"}}],\"inLanguage\":\"es\"}]}<\/script>\n<!-- \/ Yoast SEO plugin. -->","yoast_head_json":{"title":"Alkotox - Opiniones, Foro, Precio, Farmacia, Efectos | -50%","robots":{"index":"index","follow":"follow","max-snippet":"max-snippet:-1","max-image-preview":"max-image-preview:large","max-video-preview":"max-video-preview:-1"},"canonical":"https:\/\/policlinicalacibismartinez.es\/farmacia\/apt\/alkotox\/","og_locale":"es_ES","og_type":"article","og_title":"Alkotox - Opiniones, Foro, Precio, Farmacia, Efectos | -50%","og_url":"https:\/\/policlinicalacibismartinez.es\/farmacia\/apt\/alkotox\/","og_site_name":"PoliclinicaLacibisMartinez","article_modified_time":"2025-01-14T20:18:33+00:00","og_image":[{"width":768,"height":768,"url":"https:\/\/policlinicalacibismartinez.es\/farmacia\/wp-content\/uploads\/2024\/11\/alkotox.jpg","type":"image\/jpeg"}],"twitter_card":"summary_large_image","twitter_description":"[date_countdown]","twitter_misc":{"Tiempo de lectura":"7 minutos"},"schema":{"@context":"https:\/\/schema.org","@graph":[{"@type":"WebPage","@id":"https:\/\/policlinicalacibismartinez.es\/farmacia\/apt\/alkotox\/","url":"https:\/\/policlinicalacibismartinez.es\/farmacia\/apt\/alkotox\/","name":"Alkotox - Opiniones, Foro, Precio, Farmacia, Efectos | -50%","isPartOf":{"@id":"https:\/\/policlinicalacibismartinez.es\/farmacia\/#website"},"primaryImageOfPage":{"@id":"https:\/\/policlinicalacibismartinez.es\/farmacia\/apt\/alkotox\/#primaryimage"},"image":{"@id":"https:\/\/policlinicalacibismartinez.es\/farmacia\/apt\/alkotox\/#primaryimage"},"thumbnailUrl":"https:\/\/policlinicalacibismartinez.es\/farmacia\/wp-content\/uploads\/2024\/11\/alkotox.jpg","datePublished":"2024-11-09T11:37:58+00:00","dateModified":"2025-01-14T20:18:33+00:00","breadcrumb":{"@id":"https:\/\/policlinicalacibismartinez.es\/farmacia\/apt\/alkotox\/#breadcrumb"},"inLanguage":"es","potentialAction":[{"@type":"ReadAction","target":["https:\/\/policlinicalacibismartinez.es\/farmacia\/apt\/alkotox\/"]}]},{"@type":"ImageObject","inLanguage":"es","@id":"https:\/\/policlinicalacibismartinez.es\/farmacia\/apt\/alkotox\/#primaryimage","url":"https:\/\/policlinicalacibismartinez.es\/farmacia\/wp-content\/uploads\/2024\/11\/alkotox.jpg","contentUrl":"https:\/\/policlinicalacibismartinez.es\/farmacia\/wp-content\/uploads\/2024\/11\/alkotox.jpg","width":768,"height":768},{"@type":"BreadcrumbList","@id":"https:\/\/policlinicalacibismartinez.es\/farmacia\/apt\/alkotox\/#breadcrumb","itemListElement":[{"@type":"ListItem","position":1,"name":"Strona g\u0142\u00f3wna","item":"https:\/\/policlinicalacibismartinez.es\/farmacia\/"},{"@type":"ListItem","position":2,"name":"Produkte","item":"https:\/\/policlinicalacibismartinez.es\/farmacia\/"},{"@type":"ListItem","position":3,"name":"Alkotox"}]},{"@type":"WebSite","@id":"https:\/\/policlinicalacibismartinez.es\/farmacia\/#website","url":"https:\/\/policlinicalacibismartinez.es\/farmacia\/","name":"PoliclinicaLacibisMartinez","description":"","potentialAction":[{"@type":"SearchAction","target":{"@type":"EntryPoint","urlTemplate":"https:\/\/policlinicalacibismartinez.es\/farmacia\/?s={search_term_string}"},"query-input":{"@type":"PropertyValueSpecification","valueRequired":true,"valueName":"search_term_string"}}],"inLanguage":"es"}]}},"_links":{"self":[{"href":"https:\/\/policlinicalacibismartinez.es\/farmacia\/wp-json\/wp\/v2\/product\/12122","targetHints":{"allow":["GET"]}}],"collection":[{"href":"https:\/\/policlinicalacibismartinez.es\/farmacia\/wp-json\/wp\/v2\/product"}],"about":[{"href":"https:\/\/policlinicalacibismartinez.es\/farmacia\/wp-json\/wp\/v2\/types\/product"}],"replies":[{"embeddable":true,"href":"https:\/\/policlinicalacibismartinez.es\/farmacia\/wp-json\/wp\/v2\/comments?post=12122"}],"wp:featuredmedia":[{"embeddable":true,"href":"https:\/\/policlinicalacibismartinez.es\/farmacia\/wp-json\/wp\/v2\/media\/12121"}],"wp:attachment":[{"href":"https:\/\/policlinicalacibismartinez.es\/farmacia\/wp-json\/wp\/v2\/media?parent=12122"}],"wp:term":[{"taxonomy":"product_brand","embeddable":true,"href":"https:\/\/policlinicalacibismartinez.es\/farmacia\/wp-json\/wp\/v2\/product_brand?post=12122"},{"taxonomy":"product_cat","embeddable":true,"href":"https:\/\/policlinicalacibismartinez.es\/farmacia\/wp-json\/wp\/v2\/product_cat?post=12122"},{"taxonomy":"product_tag","embeddable":true,"href":"https:\/\/policlinicalacibismartinez.es\/farmacia\/wp-json\/wp\/v2\/product_tag?post=12122"}],"curies":[{"name":"wp","href":"https:\/\/api.w.org\/{rel}","templated":true}]}}