{"id":12070,"date":"2024-11-09T12:37:30","date_gmt":"2024-11-09T11:37:30","guid":{"rendered":"https:\/\/drdelbarrio.es\/farmacia\/apt\/nuvialab-immune\/"},"modified":"2025-01-14T23:51:08","modified_gmt":"2025-01-14T22:51:08","slug":"nuvialab-immune","status":"publish","type":"product","link":"https:\/\/policlinicalacibismartinez.es\/farmacia\/apt\/nuvialab-immune\/","title":{"rendered":"NuviaLab Immune"},"content":{"rendered":"\n<h2 class=\"wp-block-heading\">\u00bfQu\u00e9 es NuviaLab Immune y c\u00f3mo funciona?<\/h2>\n\n\n\n<p><b>NuviaLab Immune<\/b> es un <b>suplemento diet\u00e9tico<\/b> que tiene como objetivo apoyar la inmunidad del cuerpo. Su <em>composici\u00f3n a<\/em> base de extractos naturales y vitaminas lo hace ideal para personas con inmunidad debilitada. NuviaLab Immune <b>act\u00faa<\/b> reforzando los mecanismos de defensa, lo que a su vez permite al organismo luchar m\u00e1s eficazmente contra las infecciones.<\/p>\n\n\n\n<p>NuviaLab Immune ha demostrado proteger las c\u00e9lulas del estr\u00e9s oxidativo y acelerar <b>la<\/b> respuesta del organismo a las amenazas externas. El <b>uso<\/b> regular del suplemento puede aliviar los s\u00edntomas de las infecciones del tracto respiratorio superior y apoyar al cuerpo durante per\u00edodos dif\u00edciles, especialmente durante la estaci\u00f3n fr\u00eda. Los estudios cl\u00ednicos han confirmado la gran eficacia del suplemento, y se recomienda su <b>uso<\/b> durante un m\u00ednimo de 12 semanas para obtener los mejores resultados.<\/p>\n\n\n\n<p>El fabricante recomienda la ingesta sistem\u00e1tica de NuviaLab Immune, que contribuye a reforzar significativamente la inmunidad. El suplemento viene en forma de c\u00e1psulas y s\u00f3lo est\u00e1 disponible en el sitio web oficial del fabricante.<\/p>\n\n\n\n<h2 class=\"wp-block-heading\">NuviaLab Immune &#8211; efectos de la aplicaci\u00f3n<\/h2>\n\n\n\n<p>El <b>uso regular de<\/b> NuviaLab Immune tiene <b>efectos nota<\/b> bles en t\u00e9rminos de refuerzo de la inmunidad. Enriquecido con extracto de perla floral japonesa, este complemento refuerza los mecanismos de defensa naturales del organismo, lo que puede reducir la susceptibilidad a las infecciones. <b>Los usuarios<\/b> destacan una mejora significativa de la salud, <b>cuyos efectos<\/b> suelen manifestarse al cabo de unas semanas de uso.<\/p>\n\n\n\n<ul class=\"wp-block-list\">\n<li>El extracto de sa\u00faco proporciona propiedades antiinflamatorias y antivirales, aumentando a\u00fan m\u00e1s los beneficios de NuviaLab Immune.<\/li>\n\n\n\n<li>El enriquecimiento de vitamina C de rosa mosqueta refuerza el sistema inmunitario, ofreciendo hasta un 70% de esta vitamina en uno de sus ingredientes.<\/li>\n\n\n\n<li>Gracias a la presencia de zinc y vitamina D, el suplemento contribuye a una mejora general del funcionamiento del organismo, lo que a su vez favorece los procesos regenerativos.<\/li>\n<\/ul>\n\n\n\n<p>La dosis recomendada es de una c\u00e1psula al d\u00eda, proporcionando una soluci\u00f3n conveniente para la suplementaci\u00f3n diaria. Gracias a sus ingredientes cuidadosamente seleccionados, NuviaLab Immune se convierte en un apoyo eficaz para aquellos que desean cuidar la <b>mejora inmunol\u00f3gica<\/b> y la salud en general.<\/p>\n\n\n\n<h2 class=\"wp-block-heading\">C\u00f3mo utilizar NuviaLab Immune &#8211; Instrucciones de uso y dosificaci\u00f3n<\/h2>\n\n\n\n<p>NuviaLab Immune es un <b>complemento alimenticio<\/b> cuyo <em>uso<\/em> contribuye al apoyo del sistema inmunitario. El fabricante recomienda tomar dos c\u00e1psulas al d\u00eda para garantizar una dosis \u00f3ptima de los principios activos. El suplemento se toma mejor con una comida, bebiendo un m\u00ednimo de 300 ml de agua.<\/p>\n\n\n\n<p>Es importante seguir las <em>instrucciones<\/em>, ya que <em>el uso<\/em> regular <em>de<\/em> NuviaLab Immune puede ayudarle a conseguir los resultados deseados. Para evitar posibles efectos secundarios, no exceda la dosis recomendada. El suplemento no sustituye a una dieta variada, por lo que es aconsejable asegurarse de ingerir una comida completa.<\/p>\n\n\n\n<figure class=\"wp-block-table\"><table class=\"has-fixed-layout\"><tbody><tr><th>Dosis recomendada<\/th><th>Instrucciones de uso<\/th><\/tr><tr><td>2 c\u00e1psulas al d\u00eda<\/td><td>Beber al menos 300 ml de agua, preferiblemente con las comidas<\/td><\/tr><\/tbody><\/table><\/figure>\n\n\n\n<p>Recuerde que debe controlar regularmente su bienestar durante el uso y ajustar <em>la dosis de<\/em> acuerdo a las necesidades de su cuerpo. NuviaLab Immune le proporcionar\u00e1 los ingredientes necesarios y su <em>uso<\/em> adecuado mejorar\u00e1 la inmunidad y la salud en general.<\/p>\n\n\n\n<h2 class=\"wp-block-heading\">NuviaLab Immune &#8211; Opiniones y Revisiones, Foro<\/h2>\n\n\n\n<p><b>Las opiniones<\/b> sobre NuviaLab Immune son abrumadoramente positivas, lo que refleja la alta valoraci\u00f3n del producto. La valoraci\u00f3n media es de 4,4 sobre 5, basada en 17 votos de usuarios. Muchas personas comparten sus experiencias en diversos <b>foros<\/b>.<\/p>\n\n\n\n<blockquote class=\"wp-block-quote is-layout-flow wp-block-quote-is-layout-flow\">\n<p><em>Marta, 34 a\u00f1os:<\/em> \u00abNuviaLab Immune me salv\u00f3 durante la temporada de gripe. Despu\u00e9s de unas semanas, not\u00e9 una mejora significativa en mi inmunidad, lo que se tradujo en menos resfriados. Tambi\u00e9n me sent\u00ed muy bien mentalmente, con m\u00e1s energ\u00eda para hacer cosas.\u00bb<\/p>\n<\/blockquote>\n\n\n\n<blockquote class=\"wp-block-quote is-layout-flow wp-block-quote-is-layout-flow\">\n<p><em>Paul, de 45 a\u00f1os, dijo:<\/em> \u00abCuando empec\u00e9 a tomar NuviaLab, ten\u00eda un resfriado constante. Despu\u00e9s de un mes de uso, me siento mucho mejor. No s\u00f3lo me pongo menos enfermo, sino que tambi\u00e9n tengo m\u00e1s energ\u00eda. Siento una mejora en la calidad de mi sue\u00f1o y en mi estado de \u00e1nimo diario\u00bb.<\/p>\n<\/blockquote>\n\n\n\n<blockquote class=\"wp-block-quote is-layout-flow wp-block-quote-is-layout-flow\">\n<p><em>Kasia, 29 a\u00f1os:<\/em> \u00abEstoy muy satisfecha con los efectos de NuviaLab. Me ha ayudado a combatir infecciones recurrentes y su <b>composici\u00f3n<\/b> natural me llena de confianza. Definitivamente lo recomendar\u00eda a otros usuarios\u00bb.<\/p>\n<\/blockquote>\n\n\n\n<p><b>Los usuarios<\/b> tambi\u00e9n informan de otros beneficios, como la mejora de la condici\u00f3n f\u00edsica, la reducci\u00f3n de la susceptibilidad a las infecciones y el apoyo general al organismo. En los <b>foros<\/b> se encuentran a menudo <b>rese\u00f1as<\/b> positivas que confirman la eficacia del suplemento, especialmente en \u00e9pocas dif\u00edciles para el sistema inmunitario.<\/p>\n\n\n\n<p>Los <b>comentarios<\/b> destacan la importancia de mantener un estilo de vida saludable y el apoyo durante los periodos dif\u00edciles que NuviaLab Immune proporciona con \u00e9xito.<\/p>\n\n\n\n<h2 class=\"wp-block-heading\">Composici\u00f3n de NuviaLab Immune &#8211; An\u00e1lisis de los ingredientes<\/h2>\n\n\n\n<p>NuviaLab Immune es un suplemento que destaca por su <em>composici\u00f3n<\/em> \u00fanica, proporcionando al cuerpo las <b>sustancias saludables<\/b> necesarias para apoyar el sistema inmunol\u00f3gico. Uno de los ingredientes clave es Immunell\u2122, rico en nucle\u00f3tidos. Estas sustancias son fundamentales para la regeneraci\u00f3n y restauraci\u00f3n celular.<\/p>\n\n\n\n<p>Otros elementos importantes en el an\u00e1lisis de ingredientes de NuviaLab Immune son los extractos de sa\u00faco y rosa mosqueta. Ambos ingredientes proporcionan potentes antioxidantes que neutralizan eficazmente los radicales libres y protegen as\u00ed las c\u00e9lulas del estr\u00e9s oxidativo.<\/p>\n\n\n\n<p>El producto tambi\u00e9n contiene vitamina D, que desempe\u00f1a un papel fundamental en el funcionamiento del sistema inmunitario. La vitamina D contribuye a mantener el equilibrio inmunitario y su suplementaci\u00f3n se recomienda especialmente durante los periodos de mayor riesgo de infecci\u00f3n.<\/p>\n\n\n\n<ul class=\"wp-block-list\">\n<li>Immunell\u2122 &#8211; rico en nucle\u00f3tidos para favorecer la regeneraci\u00f3n celular<\/li>\n\n\n\n<li>Extractos de sa\u00faco: fuente de potentes antioxidantes<\/li>\n\n\n\n<li>Extractos de rosa mosqueta: refuerzan las defensas naturales del organismo<\/li>\n\n\n\n<li>Vitamina D: crucial para el funcionamiento del sistema inmunitario<\/li>\n\n\n\n<li>Rutina y zinc: protegen las c\u00e9lulas del da\u00f1o oxidativo<\/li>\n<\/ul>\n\n\n\n<p><b>Un an\u00e1lisis de los ingredientes<\/b> de NuviaLab Immune revela su f\u00f3rmula \u00fanica, que combina numerosas <b>sustancias saludables<\/b> que promueven el apoyo general del organismo. Gracias a los ingredientes utilizados, la f\u00f3rmula puede ser un excelente complemento de la dieta diaria, especialmente durante los per\u00edodos de mayor riesgo de enfermedad.<\/p>\n\n\n\n<h2 class=\"wp-block-heading\">D\u00f3nde comprar y Cu\u00e1nto cuesta NuviaLab Immune &#8211; precio<\/h2>\n\n\n\n<p>NuviaLab Immune s\u00f3lo puede adquirirse en el sitio web <em>oficial del fabricante<\/em>. Esto garantiza no s\u00f3lo la originalidad del producto, sino tambi\u00e9n su m\u00e1xima calidad. Cabe se\u00f1alar que a menudo hay promociones atractivas que pueden reducir el precio hasta en un 50%. Por esta raz\u00f3n, consultar regularmente la oferta en la p\u00e1gina web del fabricante puede reportar beneficios adicionales.<\/p>\n\n\n\n<p>Cabe se\u00f1alar que NuviaLab Immune no est\u00e1 disponible en farmacias o droguer\u00edas polacas, por lo que <em>el fabricante oficial<\/em> es el \u00fanico lugar donde puede realizar la compra. Gracias a esto, usted puede estar seguro de que el producto que usted pide cumplir\u00e1 plenamente con su descripci\u00f3n y uso previsto.<\/p>\n\n\n\n<p>Cuando usted decide comprar, tiene acceso a un producto de alta calidad que apoya la <b>inmunidad<\/b> del cuerpo en las condiciones m\u00e1s dif\u00edciles. Si usted est\u00e1 buscando <em>d\u00f3nde comprar<\/em> NuviaLab Immune, la mejor decisi\u00f3n es visitar <em>el sitio web oficial del fabricante<\/em>.<\/p>\n\n\n\n<h2 class=\"wp-block-heading\">NuviaLab Immune &#8211; Posibles efectos secundarios y contraindicaciones de uso<\/h2>\n\n\n\n<p>NuviaLab Immune es generalmente considerado un suplemento diet\u00e9tico seguro, pero es importante tener en cuenta ciertas <strong>contraindicaciones<\/strong>. El producto no est\u00e1 recomendado para ni\u00f1os, mujeres embarazadas o en per\u00edodo de lactancia. Las personas con alergias alimentarias o que toman otros medicamentos deben consultar a su m\u00e9dico antes de comenzar la suplementaci\u00f3n para garantizar su <b>seguridad<\/b>.<\/p>\n\n\n\n<p>Aunque <b>los efectos secundarios<\/b> son raros, pueden producirse peque\u00f1os problemas estomacales que vale la pena vigilar. <b>Los usuarios<\/b> deben observar la reacci\u00f3n de su cuerpo despu\u00e9s de comenzar NuviaLab Immune. Se recomienda interrumpir el uso inmediatamente si aparecen s\u00edntomas preocupantes.<\/p>\n\n\n\n<p><b>La seguridad de<\/b> los suplementos diet\u00e9ticos es clave, por lo que siempre es aconsejable abordar la suplementaci\u00f3n con precauci\u00f3n. Es conveniente leer atentamente la informaci\u00f3n del prospecto antes de iniciar el tratamiento con NuviaLab Immune para evitar posibles problemas de salud.<\/p>\n","protected":false},"excerpt":{"rendered":"<p><strong>[date_countdown]<\/strong><\/p>\n<p><img decoding=\"async\" class=\"alignnone  wp-image-12413\" src=\"https:\/\/policlinicalacibismartinez.es\/farmacia\/wp-content\/uploads\/2024\/11\/SAFE-PAY-300x88-1.png\" alt=\"SAFE-PAY\" width=\"170\" height=\"50\" \/><\/p>\n","protected":false},"featured_media":12069,"comment_status":"open","ping_status":"closed","template":"","meta":{"neve_meta_sidebar":"","neve_meta_container":"","neve_meta_enable_content_width":"","neve_meta_content_width":0,"neve_meta_title_alignment":"","neve_meta_author_avatar":"","neve_post_elements_order":"","neve_meta_disable_header":"","neve_meta_disable_footer":"","neve_meta_disable_title":"","neve_meta_reading_time":""},"product_brand":[],"product_cat":[33],"product_tag":[],"class_list":{"0":"post-12070","1":"product","2":"type-product","3":"status-publish","4":"has-post-thumbnail","6":"product_cat-salud","8":"first","9":"instock","10":"sale","11":"shipping-taxable","12":"product-type-external"},"yoast_head":"<!-- This site is optimized with the Yoast SEO plugin v27.4 - https:\/\/yoast.com\/product\/yoast-seo-wordpress\/ -->\n<title>NuviaLab Immune - Opiniones, Foro, Precio, Farmacia, Efectos | -50%<\/title>\n<meta name=\"robots\" content=\"index, follow, max-snippet:-1, max-image-preview:large, max-video-preview:-1\" \/>\n<link rel=\"canonical\" href=\"https:\/\/policlinicalacibismartinez.es\/farmacia\/apt\/nuvialab-immune\/\" \/>\n<meta property=\"og:locale\" content=\"es_ES\" \/>\n<meta property=\"og:type\" content=\"article\" \/>\n<meta property=\"og:title\" content=\"NuviaLab Immune - Opiniones, Foro, Precio, Farmacia, Efectos | -50%\" \/>\n<meta property=\"og:url\" content=\"https:\/\/policlinicalacibismartinez.es\/farmacia\/apt\/nuvialab-immune\/\" \/>\n<meta property=\"og:site_name\" content=\"PoliclinicaLacibisMartinez\" \/>\n<meta property=\"article:modified_time\" content=\"2025-01-14T22:51:08+00:00\" \/>\n<meta property=\"og:image\" content=\"https:\/\/policlinicalacibismartinez.es\/farmacia\/wp-content\/uploads\/2024\/11\/NuviaLab-Immune.jpg\" \/>\n\t<meta property=\"og:image:width\" content=\"768\" \/>\n\t<meta property=\"og:image:height\" content=\"768\" \/>\n\t<meta property=\"og:image:type\" content=\"image\/jpeg\" \/>\n<meta name=\"twitter:card\" content=\"summary_large_image\" \/>\n<meta name=\"twitter:description\" content=\"[date_countdown]\" \/>\n<meta name=\"twitter:label1\" content=\"Tiempo de lectura\" \/>\n\t<meta name=\"twitter:data1\" content=\"1 minuto\" \/>\n<script type=\"application\/ld+json\" class=\"yoast-schema-graph\">{\"@context\":\"https:\\\/\\\/schema.org\",\"@graph\":[{\"@type\":\"WebPage\",\"@id\":\"https:\\\/\\\/policlinicalacibismartinez.es\\\/farmacia\\\/apt\\\/nuvialab-immune\\\/\",\"url\":\"https:\\\/\\\/policlinicalacibismartinez.es\\\/farmacia\\\/apt\\\/nuvialab-immune\\\/\",\"name\":\"NuviaLab Immune - Opiniones, Foro, Precio, Farmacia, Efectos | -50%\",\"isPartOf\":{\"@id\":\"https:\\\/\\\/policlinicalacibismartinez.es\\\/farmacia\\\/#website\"},\"primaryImageOfPage\":{\"@id\":\"https:\\\/\\\/policlinicalacibismartinez.es\\\/farmacia\\\/apt\\\/nuvialab-immune\\\/#primaryimage\"},\"image\":{\"@id\":\"https:\\\/\\\/policlinicalacibismartinez.es\\\/farmacia\\\/apt\\\/nuvialab-immune\\\/#primaryimage\"},\"thumbnailUrl\":\"https:\\\/\\\/policlinicalacibismartinez.es\\\/farmacia\\\/wp-content\\\/uploads\\\/2024\\\/11\\\/NuviaLab-Immune.jpg\",\"datePublished\":\"2024-11-09T11:37:30+00:00\",\"dateModified\":\"2025-01-14T22:51:08+00:00\",\"breadcrumb\":{\"@id\":\"https:\\\/\\\/policlinicalacibismartinez.es\\\/farmacia\\\/apt\\\/nuvialab-immune\\\/#breadcrumb\"},\"inLanguage\":\"es\",\"potentialAction\":[{\"@type\":\"ReadAction\",\"target\":[\"https:\\\/\\\/policlinicalacibismartinez.es\\\/farmacia\\\/apt\\\/nuvialab-immune\\\/\"]}]},{\"@type\":\"ImageObject\",\"inLanguage\":\"es\",\"@id\":\"https:\\\/\\\/policlinicalacibismartinez.es\\\/farmacia\\\/apt\\\/nuvialab-immune\\\/#primaryimage\",\"url\":\"https:\\\/\\\/policlinicalacibismartinez.es\\\/farmacia\\\/wp-content\\\/uploads\\\/2024\\\/11\\\/NuviaLab-Immune.jpg\",\"contentUrl\":\"https:\\\/\\\/policlinicalacibismartinez.es\\\/farmacia\\\/wp-content\\\/uploads\\\/2024\\\/11\\\/NuviaLab-Immune.jpg\",\"width\":768,\"height\":768},{\"@type\":\"BreadcrumbList\",\"@id\":\"https:\\\/\\\/policlinicalacibismartinez.es\\\/farmacia\\\/apt\\\/nuvialab-immune\\\/#breadcrumb\",\"itemListElement\":[{\"@type\":\"ListItem\",\"position\":1,\"name\":\"Strona g\u0142\u00f3wna\",\"item\":\"https:\\\/\\\/policlinicalacibismartinez.es\\\/farmacia\\\/\"},{\"@type\":\"ListItem\",\"position\":2,\"name\":\"Produkte\",\"item\":\"https:\\\/\\\/policlinicalacibismartinez.es\\\/farmacia\\\/\"},{\"@type\":\"ListItem\",\"position\":3,\"name\":\"NuviaLab Immune\"}]},{\"@type\":\"WebSite\",\"@id\":\"https:\\\/\\\/policlinicalacibismartinez.es\\\/farmacia\\\/#website\",\"url\":\"https:\\\/\\\/policlinicalacibismartinez.es\\\/farmacia\\\/\",\"name\":\"PoliclinicaLacibisMartinez\",\"description\":\"\",\"potentialAction\":[{\"@type\":\"SearchAction\",\"target\":{\"@type\":\"EntryPoint\",\"urlTemplate\":\"https:\\\/\\\/policlinicalacibismartinez.es\\\/farmacia\\\/?s={search_term_string}\"},\"query-input\":{\"@type\":\"PropertyValueSpecification\",\"valueRequired\":true,\"valueName\":\"search_term_string\"}}],\"inLanguage\":\"es\"}]}<\/script>\n<!-- \/ Yoast SEO plugin. -->","yoast_head_json":{"title":"NuviaLab Immune - Opiniones, Foro, Precio, Farmacia, Efectos | -50%","robots":{"index":"index","follow":"follow","max-snippet":"max-snippet:-1","max-image-preview":"max-image-preview:large","max-video-preview":"max-video-preview:-1"},"canonical":"https:\/\/policlinicalacibismartinez.es\/farmacia\/apt\/nuvialab-immune\/","og_locale":"es_ES","og_type":"article","og_title":"NuviaLab Immune - Opiniones, Foro, Precio, Farmacia, Efectos | -50%","og_url":"https:\/\/policlinicalacibismartinez.es\/farmacia\/apt\/nuvialab-immune\/","og_site_name":"PoliclinicaLacibisMartinez","article_modified_time":"2025-01-14T22:51:08+00:00","og_image":[{"width":768,"height":768,"url":"https:\/\/policlinicalacibismartinez.es\/farmacia\/wp-content\/uploads\/2024\/11\/NuviaLab-Immune.jpg","type":"image\/jpeg"}],"twitter_card":"summary_large_image","twitter_description":"[date_countdown]","twitter_misc":{"Tiempo de lectura":"1 minuto"},"schema":{"@context":"https:\/\/schema.org","@graph":[{"@type":"WebPage","@id":"https:\/\/policlinicalacibismartinez.es\/farmacia\/apt\/nuvialab-immune\/","url":"https:\/\/policlinicalacibismartinez.es\/farmacia\/apt\/nuvialab-immune\/","name":"NuviaLab Immune - Opiniones, Foro, Precio, Farmacia, Efectos | -50%","isPartOf":{"@id":"https:\/\/policlinicalacibismartinez.es\/farmacia\/#website"},"primaryImageOfPage":{"@id":"https:\/\/policlinicalacibismartinez.es\/farmacia\/apt\/nuvialab-immune\/#primaryimage"},"image":{"@id":"https:\/\/policlinicalacibismartinez.es\/farmacia\/apt\/nuvialab-immune\/#primaryimage"},"thumbnailUrl":"https:\/\/policlinicalacibismartinez.es\/farmacia\/wp-content\/uploads\/2024\/11\/NuviaLab-Immune.jpg","datePublished":"2024-11-09T11:37:30+00:00","dateModified":"2025-01-14T22:51:08+00:00","breadcrumb":{"@id":"https:\/\/policlinicalacibismartinez.es\/farmacia\/apt\/nuvialab-immune\/#breadcrumb"},"inLanguage":"es","potentialAction":[{"@type":"ReadAction","target":["https:\/\/policlinicalacibismartinez.es\/farmacia\/apt\/nuvialab-immune\/"]}]},{"@type":"ImageObject","inLanguage":"es","@id":"https:\/\/policlinicalacibismartinez.es\/farmacia\/apt\/nuvialab-immune\/#primaryimage","url":"https:\/\/policlinicalacibismartinez.es\/farmacia\/wp-content\/uploads\/2024\/11\/NuviaLab-Immune.jpg","contentUrl":"https:\/\/policlinicalacibismartinez.es\/farmacia\/wp-content\/uploads\/2024\/11\/NuviaLab-Immune.jpg","width":768,"height":768},{"@type":"BreadcrumbList","@id":"https:\/\/policlinicalacibismartinez.es\/farmacia\/apt\/nuvialab-immune\/#breadcrumb","itemListElement":[{"@type":"ListItem","position":1,"name":"Strona g\u0142\u00f3wna","item":"https:\/\/policlinicalacibismartinez.es\/farmacia\/"},{"@type":"ListItem","position":2,"name":"Produkte","item":"https:\/\/policlinicalacibismartinez.es\/farmacia\/"},{"@type":"ListItem","position":3,"name":"NuviaLab Immune"}]},{"@type":"WebSite","@id":"https:\/\/policlinicalacibismartinez.es\/farmacia\/#website","url":"https:\/\/policlinicalacibismartinez.es\/farmacia\/","name":"PoliclinicaLacibisMartinez","description":"","potentialAction":[{"@type":"SearchAction","target":{"@type":"EntryPoint","urlTemplate":"https:\/\/policlinicalacibismartinez.es\/farmacia\/?s={search_term_string}"},"query-input":{"@type":"PropertyValueSpecification","valueRequired":true,"valueName":"search_term_string"}}],"inLanguage":"es"}]}},"_links":{"self":[{"href":"https:\/\/policlinicalacibismartinez.es\/farmacia\/wp-json\/wp\/v2\/product\/12070","targetHints":{"allow":["GET"]}}],"collection":[{"href":"https:\/\/policlinicalacibismartinez.es\/farmacia\/wp-json\/wp\/v2\/product"}],"about":[{"href":"https:\/\/policlinicalacibismartinez.es\/farmacia\/wp-json\/wp\/v2\/types\/product"}],"replies":[{"embeddable":true,"href":"https:\/\/policlinicalacibismartinez.es\/farmacia\/wp-json\/wp\/v2\/comments?post=12070"}],"wp:featuredmedia":[{"embeddable":true,"href":"https:\/\/policlinicalacibismartinez.es\/farmacia\/wp-json\/wp\/v2\/media\/12069"}],"wp:attachment":[{"href":"https:\/\/policlinicalacibismartinez.es\/farmacia\/wp-json\/wp\/v2\/media?parent=12070"}],"wp:term":[{"taxonomy":"product_brand","embeddable":true,"href":"https:\/\/policlinicalacibismartinez.es\/farmacia\/wp-json\/wp\/v2\/product_brand?post=12070"},{"taxonomy":"product_cat","embeddable":true,"href":"https:\/\/policlinicalacibismartinez.es\/farmacia\/wp-json\/wp\/v2\/product_cat?post=12070"},{"taxonomy":"product_tag","embeddable":true,"href":"https:\/\/policlinicalacibismartinez.es\/farmacia\/wp-json\/wp\/v2\/product_tag?post=12070"}],"curies":[{"name":"wp","href":"https:\/\/api.w.org\/{rel}","templated":true}]}}