{"id":12000,"date":"2024-11-09T12:36:52","date_gmt":"2024-11-09T11:36:52","guid":{"rendered":"https:\/\/drdelbarrio.es\/farmacia\/apt\/acai-berry-extreme\/"},"modified":"2025-01-14T21:17:28","modified_gmt":"2025-01-14T20:17:28","slug":"acai-berry-extreme","status":"publish","type":"product","link":"https:\/\/policlinicalacibismartinez.es\/farmacia\/apt\/acai-berry-extreme\/","title":{"rendered":"Acai Berry Extreme"},"content":{"rendered":"\n<p><b>Acai Berry Extreme<\/b> es un suplemento diet\u00e9tico innovador que se ha ganado el reconocimiento como producto eficaz para ayudar a <strong>perder peso<\/strong>. El ingrediente clave de la f\u00f3rmula son las bayas de acai, conocidas por su alto contenido en antioxidantes, vitaminas y minerales. Gracias a sus propiedades que aceleran el metabolismo, reducen el apetito y favorecen la eliminaci\u00f3n de toxinas, <b>Acai Berry Extreme<\/b> es un excelente apoyo para quienes se esfuerzan por conseguir una figura esbelta. Cabe destacar que el producto s\u00f3lo est\u00e1 disponible en el sitio web oficial del fabricante, lo que garantiza su autenticidad y alta calidad. En el siguiente art\u00edculo, analizaremos con m\u00e1s detalle los efectos, beneficios y opiniones de los usuarios sobre <strong>Acai Berry<\/strong> Extreme.<\/p>\n\n\n\n<h2 class=\"wp-block-heading\">\u00bfQu\u00e9 es Acai Berry Extreme y c\u00f3mo funciona?<\/h2>\n\n\n\n<p><b>Acai Berry Extreme<\/b> es un suplemento diet\u00e9tico cada vez m\u00e1s popular entre las personas que buscan m\u00e9todos eficaces para perder peso. <em>\u00bfQu\u00e9 es Acai Berry Extreme?<\/em> Es una f\u00f3rmula a base de polvo de bayas de acai, conocidas por su gran valor nutricional y sus beneficios para la salud. Las bayas de acai contienen muchos ingredientes valiosos, como prote\u00ednas (13 g), grasas (48 g), fibra (16,9 g), vitaminas (C, B1, PP) y minerales (zinc, hierro, magnesio).<\/p>\n\n\n\n<p><b>La acci\u00f3n de Acai Berry<\/b> Extreme se basa en las propiedades de la fruta del acai, que se caracteriza por una serie de beneficios para la salud. Su uso regular puede mejorar significativamente el rendimiento del organismo, lo que favorece una r\u00e1pida quema de grasas y una reducci\u00f3n de la sensaci\u00f3n de hambre. Gracias a su alto contenido en fibra, el suplemento tambi\u00e9n favorece los procesos digestivos y contribuye a un aumento de la energ\u00eda y la inmunidad de aproximadamente un 20%.<\/p>\n\n\n\n<p>Gracias a ingredientes como los \u00e1cidos grasos omega-3 y omega-6, Acai Berry Extreme tambi\u00e9n favorece la salud cardiovascular regulando la presi\u00f3n arterial y los niveles de colesterol. Cada c\u00e1psula contiene nada menos que 5.000 mg de extracto activo de bayas de acai, lo que garantiza resultados visibles a los pocos d\u00edas de iniciar el tratamiento. Estas bayas, con sus fuertes propiedades antioxidantes, constituyen un excelente apoyo para la p\u00e9rdida de peso.<\/p>\n\n\n\n<h2 class=\"wp-block-heading\">Beneficios de Acai Berry Extreme &#8211; Efectos<\/h2>\n\n\n\n<p>El <b>uso de Acai Berry Extreme<\/b> tiene una serie de efectos beneficiosos que pueden favorecer la p\u00e9rdida de peso y mejorar el bienestar general. Estos son los principales <b>beneficios de su uso<\/b>:<\/p>\n\n\n\n<ul class=\"wp-block-list\">\n<li><em>P\u00e9rdida de peso<\/em>: su uso regular puede acelerar el metabolismo, lo que a su vez favorece una p\u00e9rdida de peso m\u00e1s eficaz. Los estudios demuestran que la ganancia media semanal es de alrededor de 1 kilogramo.<\/li>\n\n\n\n<li><em>Reducci\u00f3n del apetito<\/em> &#8211; Acai Berry Extreme ayuda a eliminar el hambre, facilitando el cumplimiento de una dieta establecida y evitando picar entre horas.<\/li>\n\n\n\n<li><em>Desintoxicaci\u00f3n del cuerpo<\/em> &#8211; se promueve la eliminaci\u00f3n de toxinas, lo que tiene un efecto positivo en la salud interna, gracias a los ingredientes esenciales de las bayas de acai.<\/li>\n\n\n\n<li><em>Mejora del bienestar y la energ\u00eda<\/em>: el contenido en vitaminas y minerales de Acai Berry Extreme contribuye a aumentar los niveles de energ\u00eda, a movilizar la actividad f\u00edsica y a mejorar el bienestar general.<\/li>\n<\/ul>\n\n\n\n<p>La combinaci\u00f3n de estos efectos, cuando se toma al mismo tiempo durante 12 semanas y con una dieta sana, puede producir resultados notables en t\u00e9rminos de salud y figura. <b>Los efectos de Acai Berry<\/b> Extreme tambi\u00e9n se manifiestan en forma de mejora de la calidad del sue\u00f1o, refuerzo del sistema inmunitario y retraso del envejecimiento cut\u00e1neo.<\/p>\n\n\n\n<p><b>El uso regular de Acai Berry<\/b> Extreme aporta beneficios visibles, tanto en t\u00e9rminos de p\u00e9rdida de peso como de condici\u00f3n corporal general, lo que se traduce en una mejor calidad de vida.<\/p>\n\n\n\n<h2 class=\"wp-block-heading\">Modo de empleo de Acai Berry Extreme &#8211; Instrucciones de uso y dosificaci\u00f3n<\/h2>\n\n\n\n<p><b>El uso de Acai Berry Extreme<\/b> debe realizarse siguiendo las recomendaciones del fabricante para garantizar los resultados esperados. La <b>dosis<\/b> m\u00e1s com\u00fanmente recomendada es <em>de 1-2 comprimidos al d\u00eda<\/em>, y se recomienda tomarlos antes de las comidas. La regularidad en el uso de Acai Berry Extreme es clave para obtener los mejores resultados en la p\u00e9rdida de peso y la eliminaci\u00f3n de la hinchaz\u00f3n.<\/p>\n\n\n\n<p>Adem\u00e1s, no hay que olvidar hidratar adecuadamente el organismo. Beber mucha agua favorece la desintoxicaci\u00f3n y la excreci\u00f3n de toxinas, lo que potencia los efectos beneficiosos del suplemento. Adem\u00e1s, la introducci\u00f3n de una dieta saludable y la actividad f\u00edsica pueden acelerar los efectos que se pueden lograr con el uso regular de Acai Berry Extreme.<\/p>\n\n\n\n<p>He aqu\u00ed unas breves instrucciones de uso:<\/p>\n\n\n\n<ul class=\"wp-block-list\">\n<li><em>Tomar antes de las comidas<\/em> &#8211; para una mejor absorci\u00f3n<\/li>\n\n\n\n<li><em>Regularidad<\/em> &#8211; tomar a diario para obtener el m\u00e1ximo efecto<\/li>\n\n\n\n<li><em>Hidrataci\u00f3n<\/em>: beber suficiente agua<\/li>\n\n\n\n<li><em>Dieta sana y actividad f\u00edsica<\/em>: para favorecer la p\u00e9rdida de peso<\/li>\n<\/ul>\n\n\n\n<p>El uso correcto de Acai Berry Extreme y el seguimiento de las instrucciones de dosificaci\u00f3n pueden marcar una diferencia significativa en los resultados. La regularidad y un estilo de vida saludable son elementos clave en la b\u00fasqueda de la figura de tus sue\u00f1os.<\/p>\n\n\n\n<h2 class=\"wp-block-heading\">Acai Berry Extreme &#8211; Opiniones de usuarios, foro &#8211; \u00bfQu\u00e9 dicen los usuarios?<\/h2>\n\n\n\n<p><b>Los comentarios de los usuarios de Acai Berry<\/b> Extreme indican satisfacci\u00f3n con los efectos del suplemento. En los foros en l\u00ednea sobre salud y p\u00e9rdida de peso, hay muchas indicaciones positivas sobre el rendimiento del producto.<\/p>\n\n\n\n<blockquote class=\"wp-block-quote is-layout-flow wp-block-quote-is-layout-flow\">\n<p><em>Maria<\/em>: \u00abUtilic\u00e9 Acai Berry Extreme durante tres meses y perd\u00ed 8 kg. Me sent\u00ed llena de energ\u00eda y mi piel mejor\u00f3 definitivamente. Redujo mi apetito, lo que me ayud\u00f3 con mi dieta\u00bb.<\/p>\n<\/blockquote>\n\n\n\n<blockquote class=\"wp-block-quote is-layout-flow wp-block-quote-is-layout-flow\">\n<p><em>Thomas<\/em>: \u00abHe probado muchos suplementos, pero Acai Berry Extreme me ha ayudado mucho a perder peso. Despu\u00e9s de cuatro semanas pude ver una mejora significativa. Definitivamente lo recomiendo\u00bb.<\/p>\n<\/blockquote>\n\n\n\n<blockquote class=\"wp-block-quote is-layout-flow wp-block-quote-is-layout-flow\">\n<p><em>Anna<\/em>: \u00abEra esc\u00e9ptica, pero este producto funciona de verdad. He perdido 5 kg en dos meses. Lo que m\u00e1s me gusta es que no siento hambre como con otras dietas\u00bb.<\/p>\n<\/blockquote>\n\n\n\n<p><b>Los comentarios de los usuarios de Acai Berry<\/b> Extreme suelen destacar la eficacia del suplemento para perder peso y aumentar la energ\u00eda despu\u00e9s de tomarlo. Adem\u00e1s de las opiniones positivas, cabe se\u00f1alar que las reacciones del organismo al suplemento pueden variar. Algunos usuarios en foros comparten sus experiencias, destacando la <b>composici\u00f3n<\/b> natural <b>de Acai Berry Extreme<\/b> y la ausencia de efectos secundarios percibidos. Gracias a estas rese\u00f1as, el producto ha ganado reconocimiento entre las personas que buscan m\u00e9todos eficaces de apoyo a la p\u00e9rdida de peso.<\/p>\n\n\n\n<p>Las interacciones en los foros muestran que Acai Berry Extreme est\u00e1 ganando popularidad debido a los efectos positivos que muchos usuarios experimentan despu\u00e9s de tomarlo. Merece la pena leer las opiniones de los dem\u00e1s antes de decidirse a utilizar este suplemento diet\u00e9tico.<\/p>\n\n\n\n<h2 class=\"wp-block-heading\">Acai Berry Extreme &#8211; Composici\u00f3n &#8211; \u00bfQu\u00e9 contiene?<\/h2>\n\n\n\n<p><b>La composici\u00f3n de Acai Berry Extreme<\/b> se centra principalmente en ingredientes naturales que favorecen la p\u00e9rdida de peso y contribuyen a la salud en general. El ingrediente principal es el extracto de bayas de acai, conocidas por su riqueza en antioxidantes, fibra y \u00e1cidos grasos saludables. Estas bayas tambi\u00e9n contienen prote\u00ednas de alta calidad y todos los amino\u00e1cidos esenciales, lo que las convierte en un valioso complemento de la dieta.<\/p>\n\n\n\n<p>Estos son los ingredientes clave de Acai Berry Extreme:<\/p>\n\n\n\n<ul class=\"wp-block-list\">\n<li><em>Extracto de baya de acai<\/em>: proporciona excelentes beneficios para la salud, como la desintoxicaci\u00f3n del organismo y la reducci\u00f3n de los niveles de colesterol \u00abmalo\u00bb.<\/li>\n\n\n\n<li><em>Extracto de t\u00e9 verde<\/em>: aumenta el metabolismo, lo que es importante para perder peso.<\/li>\n\n\n\n<li><em>Fibra<\/em> &#8211; 16,9 g de fibra por 100 g de producto favorece los procesos digestivos y acelera el metabolismo.<\/li>\n\n\n\n<li><em>Vitaminas<\/em>: alto contenido en vitaminas A, C, E y del grupo B, lo que contribuye al bienestar general.<\/li>\n\n\n\n<li><em>Minerales<\/em> &#8211; <b>la composici\u00f3n de Acai Berry<\/b> Extreme contiene minerales como magnesio, zinc y cobre, que tienen un efecto beneficioso sobre el organismo.<\/li>\n<\/ul>\n\n\n\n<p>Cabe destacar que la composici\u00f3n de Acai Berry Extreme se caracteriza por un extracto 10:1 de bayas de acai, lo que supone la utilizaci\u00f3n de 500 mg por c\u00e1psula. Esto hace que el producto sea una ayuda eficaz en la b\u00fasqueda de una figura esbelta. La composici\u00f3n completa de un producto determinado puede consultarse en la etiqueta adjunta al envase, lo que permite comprender mejor su acci\u00f3n y sus propiedades.<\/p>\n\n\n\n<h2 class=\"wp-block-heading\">Precio de Acai Berry Extreme &#8211; \u00bfD\u00f3nde comprar?<\/h2>\n\n\n\n<p>Acai Berry Extreme es un producto que s\u00f3lo puede adquirirse en el sitio web oficial del fabricante. El <b>precio<\/b> ajustado <b>de Acai Berry<\/b> Extreme depende de las promociones vigentes, lo que crea una oportunidad de compra ventajosa. Los interesados deben consultar la oferta con regularidad para aprovechar oportunidades excepcionales.<\/p>\n\n\n\n<p>Cabe se\u00f1alar que el producto no est\u00e1 disponible en farmacias estacionarias. Este estado de cosas afecta a la autenticidad y originalidad del suplemento. Los clientes pueden estar seguros de que al comprar Acai Berry Extreme directamente del fabricante, est\u00e1n recibiendo un producto de la m\u00e1s alta calidad.<\/p>\n\n\n\n<p>A la hora de decidirse por Acai Berry Extreme, conviene tener en cuenta que su precio y disponibilidad pueden variar. El coste de compra, en funci\u00f3n de las promociones vigentes, atrae a muchos clientes. Las personas preocupadas por su salud pueden invertir en este producto bas\u00e1ndose en su deseo de mejorar su bienestar y la eficacia de su p\u00e9rdida de peso.<\/p>\n\n\n\n<h2 class=\"wp-block-heading\">Posibles efectos secundarios y contraindicaciones de Acai Berry Extreme<\/h2>\n\n\n\n<p>Acai Berry Extreme, a pesar de su reconocimiento como suplemento de apoyo a la p\u00e9rdida de peso, puede asociarse a algunos efectos secundarios. Los usuarios informan de molestias como dolores de cabeza y problemas estomacales, que pueden aparecer sobre todo en personas sensibles a los ingredientes. Aunque muchas personas lo consumen sin problemas, conviene ser consciente de las posibles reacciones corporales.<\/p>\n\n\n\n<p>Tambi\u00e9n es importante tener en cuenta <b>las contraindicaciones<\/b> asociadas al uso de Acai Berry Extreme antes de iniciar el tratamiento. Las personas con antecedentes de enfermedades cardiovasculares, as\u00ed como las mujeres embarazadas o en per\u00edodo de lactancia, deben consultar a su m\u00e9dico. Es fundamental no subestimar estas indicaciones y seguir estrictamente las recomendaciones del fabricante leyendo el prospecto.<\/p>\n\n\n\n<p>En conclusi\u00f3n, Acai Berry Extreme puede ser una herramienta eficaz para perder peso, pero es fundamental conocer los efectos secundarios y las contraindicaciones para garantizar un uso seguro. Cuando se cuida la salud, siempre merece la pena tomar decisiones informadas sobre la suplementaci\u00f3n.<\/p>\n","protected":false},"excerpt":{"rendered":"<p><strong>[date_countdown]<\/strong><\/p>\n<p><img decoding=\"async\" class=\"alignnone  wp-image-12413\" src=\"https:\/\/policlinicalacibismartinez.es\/farmacia\/wp-content\/uploads\/2024\/11\/SAFE-PAY-300x88-1.png\" alt=\"SAFE-PAY\" width=\"170\" height=\"50\" \/><\/p>\n","protected":false},"featured_media":11999,"comment_status":"open","ping_status":"closed","template":"","meta":{"neve_meta_sidebar":"","neve_meta_container":"","neve_meta_enable_content_width":"","neve_meta_content_width":0,"neve_meta_title_alignment":"","neve_meta_author_avatar":"","neve_post_elements_order":"","neve_meta_disable_header":"","neve_meta_disable_footer":"","neve_meta_disable_title":"","neve_meta_reading_time":""},"product_brand":[],"product_cat":[329],"product_tag":[],"class_list":{"0":"post-12000","1":"product","2":"type-product","3":"status-publish","4":"has-post-thumbnail","6":"product_cat-perdida-de-peso","8":"first","9":"instock","10":"sale","11":"shipping-taxable","12":"product-type-external"},"yoast_head":"<!-- This site is optimized with the Yoast SEO plugin v27.4 - https:\/\/yoast.com\/product\/yoast-seo-wordpress\/ -->\n<title>Acai Berry Extreme - Opiniones, Foro, Precio, Farmacia, Efectos | -50%<\/title>\n<meta name=\"robots\" content=\"index, follow, max-snippet:-1, max-image-preview:large, max-video-preview:-1\" \/>\n<link rel=\"canonical\" href=\"https:\/\/policlinicalacibismartinez.es\/farmacia\/apt\/acai-berry-extreme\/\" \/>\n<meta property=\"og:locale\" content=\"es_ES\" \/>\n<meta property=\"og:type\" content=\"article\" \/>\n<meta property=\"og:title\" content=\"Acai Berry Extreme - Opiniones, Foro, Precio, Farmacia, Efectos | -50%\" \/>\n<meta property=\"og:url\" content=\"https:\/\/policlinicalacibismartinez.es\/farmacia\/apt\/acai-berry-extreme\/\" \/>\n<meta property=\"og:site_name\" content=\"PoliclinicaLacibisMartinez\" \/>\n<meta property=\"article:modified_time\" content=\"2025-01-14T20:17:28+00:00\" \/>\n<meta property=\"og:image\" content=\"https:\/\/policlinicalacibismartinez.es\/farmacia\/wp-content\/uploads\/2024\/11\/Acai-Berry-Extreme.jpg\" \/>\n\t<meta property=\"og:image:width\" content=\"768\" \/>\n\t<meta property=\"og:image:height\" content=\"768\" \/>\n\t<meta property=\"og:image:type\" content=\"image\/jpeg\" \/>\n<meta name=\"twitter:card\" content=\"summary_large_image\" \/>\n<meta name=\"twitter:description\" content=\"[date_countdown]\" \/>\n<meta name=\"twitter:label1\" content=\"Tiempo de lectura\" \/>\n\t<meta name=\"twitter:data1\" content=\"8 minutos\" \/>\n<script type=\"application\/ld+json\" class=\"yoast-schema-graph\">{\"@context\":\"https:\\\/\\\/schema.org\",\"@graph\":[{\"@type\":\"WebPage\",\"@id\":\"https:\\\/\\\/policlinicalacibismartinez.es\\\/farmacia\\\/apt\\\/acai-berry-extreme\\\/\",\"url\":\"https:\\\/\\\/policlinicalacibismartinez.es\\\/farmacia\\\/apt\\\/acai-berry-extreme\\\/\",\"name\":\"Acai Berry Extreme - Opiniones, Foro, Precio, Farmacia, Efectos | -50%\",\"isPartOf\":{\"@id\":\"https:\\\/\\\/policlinicalacibismartinez.es\\\/farmacia\\\/#website\"},\"primaryImageOfPage\":{\"@id\":\"https:\\\/\\\/policlinicalacibismartinez.es\\\/farmacia\\\/apt\\\/acai-berry-extreme\\\/#primaryimage\"},\"image\":{\"@id\":\"https:\\\/\\\/policlinicalacibismartinez.es\\\/farmacia\\\/apt\\\/acai-berry-extreme\\\/#primaryimage\"},\"thumbnailUrl\":\"https:\\\/\\\/policlinicalacibismartinez.es\\\/farmacia\\\/wp-content\\\/uploads\\\/2024\\\/11\\\/Acai-Berry-Extreme.jpg\",\"datePublished\":\"2024-11-09T11:36:52+00:00\",\"dateModified\":\"2025-01-14T20:17:28+00:00\",\"breadcrumb\":{\"@id\":\"https:\\\/\\\/policlinicalacibismartinez.es\\\/farmacia\\\/apt\\\/acai-berry-extreme\\\/#breadcrumb\"},\"inLanguage\":\"es\",\"potentialAction\":[{\"@type\":\"ReadAction\",\"target\":[\"https:\\\/\\\/policlinicalacibismartinez.es\\\/farmacia\\\/apt\\\/acai-berry-extreme\\\/\"]}]},{\"@type\":\"ImageObject\",\"inLanguage\":\"es\",\"@id\":\"https:\\\/\\\/policlinicalacibismartinez.es\\\/farmacia\\\/apt\\\/acai-berry-extreme\\\/#primaryimage\",\"url\":\"https:\\\/\\\/policlinicalacibismartinez.es\\\/farmacia\\\/wp-content\\\/uploads\\\/2024\\\/11\\\/Acai-Berry-Extreme.jpg\",\"contentUrl\":\"https:\\\/\\\/policlinicalacibismartinez.es\\\/farmacia\\\/wp-content\\\/uploads\\\/2024\\\/11\\\/Acai-Berry-Extreme.jpg\",\"width\":768,\"height\":768},{\"@type\":\"BreadcrumbList\",\"@id\":\"https:\\\/\\\/policlinicalacibismartinez.es\\\/farmacia\\\/apt\\\/acai-berry-extreme\\\/#breadcrumb\",\"itemListElement\":[{\"@type\":\"ListItem\",\"position\":1,\"name\":\"Strona g\u0142\u00f3wna\",\"item\":\"https:\\\/\\\/policlinicalacibismartinez.es\\\/farmacia\\\/\"},{\"@type\":\"ListItem\",\"position\":2,\"name\":\"Produkte\",\"item\":\"https:\\\/\\\/policlinicalacibismartinez.es\\\/farmacia\\\/\"},{\"@type\":\"ListItem\",\"position\":3,\"name\":\"Acai Berry Extreme\"}]},{\"@type\":\"WebSite\",\"@id\":\"https:\\\/\\\/policlinicalacibismartinez.es\\\/farmacia\\\/#website\",\"url\":\"https:\\\/\\\/policlinicalacibismartinez.es\\\/farmacia\\\/\",\"name\":\"PoliclinicaLacibisMartinez\",\"description\":\"\",\"potentialAction\":[{\"@type\":\"SearchAction\",\"target\":{\"@type\":\"EntryPoint\",\"urlTemplate\":\"https:\\\/\\\/policlinicalacibismartinez.es\\\/farmacia\\\/?s={search_term_string}\"},\"query-input\":{\"@type\":\"PropertyValueSpecification\",\"valueRequired\":true,\"valueName\":\"search_term_string\"}}],\"inLanguage\":\"es\"}]}<\/script>\n<!-- \/ Yoast SEO plugin. -->","yoast_head_json":{"title":"Acai Berry Extreme - Opiniones, Foro, Precio, Farmacia, Efectos | -50%","robots":{"index":"index","follow":"follow","max-snippet":"max-snippet:-1","max-image-preview":"max-image-preview:large","max-video-preview":"max-video-preview:-1"},"canonical":"https:\/\/policlinicalacibismartinez.es\/farmacia\/apt\/acai-berry-extreme\/","og_locale":"es_ES","og_type":"article","og_title":"Acai Berry Extreme - Opiniones, Foro, Precio, Farmacia, Efectos | -50%","og_url":"https:\/\/policlinicalacibismartinez.es\/farmacia\/apt\/acai-berry-extreme\/","og_site_name":"PoliclinicaLacibisMartinez","article_modified_time":"2025-01-14T20:17:28+00:00","og_image":[{"width":768,"height":768,"url":"https:\/\/policlinicalacibismartinez.es\/farmacia\/wp-content\/uploads\/2024\/11\/Acai-Berry-Extreme.jpg","type":"image\/jpeg"}],"twitter_card":"summary_large_image","twitter_description":"[date_countdown]","twitter_misc":{"Tiempo de lectura":"8 minutos"},"schema":{"@context":"https:\/\/schema.org","@graph":[{"@type":"WebPage","@id":"https:\/\/policlinicalacibismartinez.es\/farmacia\/apt\/acai-berry-extreme\/","url":"https:\/\/policlinicalacibismartinez.es\/farmacia\/apt\/acai-berry-extreme\/","name":"Acai Berry Extreme - Opiniones, Foro, Precio, Farmacia, Efectos | -50%","isPartOf":{"@id":"https:\/\/policlinicalacibismartinez.es\/farmacia\/#website"},"primaryImageOfPage":{"@id":"https:\/\/policlinicalacibismartinez.es\/farmacia\/apt\/acai-berry-extreme\/#primaryimage"},"image":{"@id":"https:\/\/policlinicalacibismartinez.es\/farmacia\/apt\/acai-berry-extreme\/#primaryimage"},"thumbnailUrl":"https:\/\/policlinicalacibismartinez.es\/farmacia\/wp-content\/uploads\/2024\/11\/Acai-Berry-Extreme.jpg","datePublished":"2024-11-09T11:36:52+00:00","dateModified":"2025-01-14T20:17:28+00:00","breadcrumb":{"@id":"https:\/\/policlinicalacibismartinez.es\/farmacia\/apt\/acai-berry-extreme\/#breadcrumb"},"inLanguage":"es","potentialAction":[{"@type":"ReadAction","target":["https:\/\/policlinicalacibismartinez.es\/farmacia\/apt\/acai-berry-extreme\/"]}]},{"@type":"ImageObject","inLanguage":"es","@id":"https:\/\/policlinicalacibismartinez.es\/farmacia\/apt\/acai-berry-extreme\/#primaryimage","url":"https:\/\/policlinicalacibismartinez.es\/farmacia\/wp-content\/uploads\/2024\/11\/Acai-Berry-Extreme.jpg","contentUrl":"https:\/\/policlinicalacibismartinez.es\/farmacia\/wp-content\/uploads\/2024\/11\/Acai-Berry-Extreme.jpg","width":768,"height":768},{"@type":"BreadcrumbList","@id":"https:\/\/policlinicalacibismartinez.es\/farmacia\/apt\/acai-berry-extreme\/#breadcrumb","itemListElement":[{"@type":"ListItem","position":1,"name":"Strona g\u0142\u00f3wna","item":"https:\/\/policlinicalacibismartinez.es\/farmacia\/"},{"@type":"ListItem","position":2,"name":"Produkte","item":"https:\/\/policlinicalacibismartinez.es\/farmacia\/"},{"@type":"ListItem","position":3,"name":"Acai Berry Extreme"}]},{"@type":"WebSite","@id":"https:\/\/policlinicalacibismartinez.es\/farmacia\/#website","url":"https:\/\/policlinicalacibismartinez.es\/farmacia\/","name":"PoliclinicaLacibisMartinez","description":"","potentialAction":[{"@type":"SearchAction","target":{"@type":"EntryPoint","urlTemplate":"https:\/\/policlinicalacibismartinez.es\/farmacia\/?s={search_term_string}"},"query-input":{"@type":"PropertyValueSpecification","valueRequired":true,"valueName":"search_term_string"}}],"inLanguage":"es"}]}},"_links":{"self":[{"href":"https:\/\/policlinicalacibismartinez.es\/farmacia\/wp-json\/wp\/v2\/product\/12000","targetHints":{"allow":["GET"]}}],"collection":[{"href":"https:\/\/policlinicalacibismartinez.es\/farmacia\/wp-json\/wp\/v2\/product"}],"about":[{"href":"https:\/\/policlinicalacibismartinez.es\/farmacia\/wp-json\/wp\/v2\/types\/product"}],"replies":[{"embeddable":true,"href":"https:\/\/policlinicalacibismartinez.es\/farmacia\/wp-json\/wp\/v2\/comments?post=12000"}],"wp:featuredmedia":[{"embeddable":true,"href":"https:\/\/policlinicalacibismartinez.es\/farmacia\/wp-json\/wp\/v2\/media\/11999"}],"wp:attachment":[{"href":"https:\/\/policlinicalacibismartinez.es\/farmacia\/wp-json\/wp\/v2\/media?parent=12000"}],"wp:term":[{"taxonomy":"product_brand","embeddable":true,"href":"https:\/\/policlinicalacibismartinez.es\/farmacia\/wp-json\/wp\/v2\/product_brand?post=12000"},{"taxonomy":"product_cat","embeddable":true,"href":"https:\/\/policlinicalacibismartinez.es\/farmacia\/wp-json\/wp\/v2\/product_cat?post=12000"},{"taxonomy":"product_tag","embeddable":true,"href":"https:\/\/policlinicalacibismartinez.es\/farmacia\/wp-json\/wp\/v2\/product_tag?post=12000"}],"curies":[{"name":"wp","href":"https:\/\/api.w.org\/{rel}","templated":true}]}}