{"id":11978,"date":"2024-11-09T12:36:40","date_gmt":"2024-11-09T11:36:40","guid":{"rendered":"https:\/\/drdelbarrio.es\/farmacia\/apt\/keto-core\/"},"modified":"2025-01-14T23:05:15","modified_gmt":"2025-01-14T22:05:15","slug":"keto-core","status":"publish","type":"product","link":"https:\/\/policlinicalacibismartinez.es\/farmacia\/apt\/keto-core\/","title":{"rendered":"Keto Core"},"content":{"rendered":"\n<h2 class=\"wp-block-heading\">\u00bfQu\u00e9 es Keto Core y c\u00f3mo funciona?<\/h2>\n\n\n\n<p>Keto Core es un <b>suplemento diet\u00e9tico<\/b> de vanguardia que est\u00e1 ganando popularidad en el mercado estadounidense como un apoyo eficaz para la p\u00e9rdida de peso. Su <em>acci\u00f3n d<\/em> se basa en ingredientes naturales que aceleran el metabolismo y favorecen la quema de grasas. Un aspecto clave de esta f\u00f3rmula es la regulaci\u00f3n de los niveles de insulina, que favorece el proceso natural de p\u00e9rdida de peso.<\/p>\n\n\n\n<p>La f\u00f3rmula de Keto Core contiene cuatro ingredientes vegetales principales: c\u00farcuma, griffonia, loto indio y ra\u00edz de yac\u00f3n. Esta combinaci\u00f3n est\u00e1 dise\u00f1ada para apoyar el sistema digestivo, asegurando la flora bacteriana correcta necesaria para un metabolismo saludable. <b>El suplemento<\/b> no contiene gluten, por lo que es una opci\u00f3n adecuada para las personas con intolerancia a este ingrediente.<\/p>\n\n\n\n<p>Una dosis diaria de Keto Core, que consta de 20 gotas, contiene una serie de ingredientes que favorecen el<em> rendimiento<\/em> del organismo. Esta dosis incluye extractos de hojas de acebo, jengibre, menta piperita, lev\u00edstico y diente de le\u00f3n, entre otros. Esta selecci\u00f3n de ingredientes contribuye a la normalizaci\u00f3n de las funciones metab\u00f3licas y mejora el bienestar.<\/p>\n\n\n\n<p>Con el <b>uso<\/b> regular <b>de<\/b> este suplemento durante al menos cuatro semanas, notar\u00e1 resultados significativos en t\u00e9rminos de reducci\u00f3n de grasa y mejora de la forma f\u00edsica general. Keto Core se recomienda para personas de todas las edades, tanto hombres como mujeres, por lo que es un apoyo universal para cualquier persona que quiera centrarse en la p\u00e9rdida de peso saludable.<\/p>\n\n\n\n<h2 class=\"wp-block-heading\">Efectos de Keto Core<\/h2>\n\n\n\n<p><b>Los efectos de<\/b> Keto Core pueden notarse tras unas pocas semanas de uso regular. Muchas personas afirman haber perdido peso de forma significativa, sobre todo en la zona abdominal, los muslos y las nalgas. El producto tiene un efecto multidireccional, lo que contribuye a su popularidad entre quienes siguen una dieta cetog\u00e9nica.<\/p>\n\n\n\n<p>Adem\u00e1s de la p\u00e9rdida de peso, <b>los usuarios<\/b> tambi\u00e9n notan una notable mejora de su bienestar. El aumento de la energ\u00eda, la mejora de la concentraci\u00f3n y los cambios positivos en la salud general son s\u00f3lo algunos de los beneficios. Estos <b>efectos<\/b> se deben al eficaz trabajo del suplemento sobre el metabolismo y al apoyo en la revitalizaci\u00f3n del cuerpo.<\/p>\n\n\n\n<figure class=\"wp-block-table\"><table class=\"has-fixed-layout\"><tbody><tr><th>Efecto<\/th><th>Descripci\u00f3n<\/th><\/tr><tr><td><b>Reducci\u00f3n de peso<\/b><\/td><td>Amplia reducci\u00f3n de grasa, especialmente en zonas sensibles.<\/td><\/tr><tr><td><b>Mejorar el autocuidado<\/b><\/td><td>Aumento de la energ\u00eda, mejora de la concentraci\u00f3n y de la salud en general.<\/td><\/tr><tr><td>Apoyo en cetosis<\/td><td>Acelerar el proceso de entrada en cetosis y mantener este estado.<\/td><\/tr><tr><td>Mejorar la digesti\u00f3n<\/td><td>Mejora el peristaltismo intestinal y la regulaci\u00f3n del az\u00facar en sangre.<\/td><\/tr><\/tbody><\/table><\/figure>\n\n\n\n<p>Keto Core proporciona ingredientes naturales que apoyan al cuerpo de una manera hol\u00edstica, eliminando los efectos negativos de una dieta cetog\u00e9nica y apoyando la b\u00fasqueda de la figura de sus sue\u00f1os.<\/p>\n\n\n\n<h2 class=\"wp-block-heading\">\u00bfC\u00f3mo utilizar Keto Core? &#8211; Dosis y recomendaciones<\/h2>\n\n\n\n<p><b>El uso de<\/b> Keto Core debe basarse en las recomendaciones del fabricante para garantizar la obtenci\u00f3n de los mejores resultados. En la mayor\u00eda de los casos, la <b>dosis del<\/b> producto se recomienda en dos porciones por d\u00eda. Es mejor tomarlo antes de las comidas, lo que favorece su eficacia.<\/p>\n\n\n\n<p>Tambi\u00e9n es fundamental adaptar la dosis a las necesidades individuales y al objetivo de reducci\u00f3n de peso. Es aconsejable analizar los efectos del uso y modificar la cantidad de suplemento tomado si es necesario. Las recomendaciones de uso se encuentran en el prospecto.<\/p>\n\n\n\n<p>Para aumentar la eficacia de la f\u00f3rmula, merece la pena combinar la suplementaci\u00f3n con <em>una dieta sana<\/em> y <em>actividad f\u00edsica<\/em> regular. Un estilo de vida as\u00ed no s\u00f3lo favorece la p\u00e9rdida de peso, sino que tambi\u00e9n contribuye a una mejora general de la salud.<\/p>\n\n\n\n<figure class=\"wp-block-table\"><table class=\"has-fixed-layout\"><tbody><tr><th>Dosis recomendada<\/th><th>Tiempo de aplicaci\u00f3n<\/th><th>Uso con dieta<\/th><\/tr><tr><td>2 veces al d\u00eda<\/td><td>Antes de las comidas<\/td><td>S\u00ed, una dieta sana potenciar\u00e1 los efectos<\/td><\/tr><\/tbody><\/table><\/figure>\n\n\n\n<h2 class=\"wp-block-heading\">Keto Core opiniones &#8211; \u00bfQu\u00e9 dicen los usuarios en los foros?<\/h2>\n\n\n\n<p>Los <b>comentarios de<\/b> los usuarios de Keto Core son abrumadoramente positivos. Muchas personas que utilizan este suplemento han alcanzado con \u00e9xito sus objetivos. En los foros en l\u00ednea, usted puede encontrar testimonios desarrollados que destacan no s\u00f3lo los efectos de p\u00e9rdida de peso, sino tambi\u00e9n la mejora en el bienestar general.<\/p>\n\n\n\n<blockquote class=\"wp-block-quote is-layout-flow wp-block-quote-is-layout-flow\">\n<p><em>Marzena:<\/em> \u00abDespu\u00e9s de un mes utilizando Keto Core, he notado una diferencia significativa en mi cuerpo. He perdido 5 kg y me siento mucho mejor. El producto realmente funciona y mi digesti\u00f3n ha mejorado. Se lo recomendar\u00eda a cualquiera que luche contra el sobrepeso\u00bb.<\/p>\n<\/blockquote>\n\n\n\n<blockquote class=\"wp-block-quote is-layout-flow wp-block-quote-is-layout-flow\">\n<p><em>Krzysztof:<\/em> \u00abKeto Core es un <b>suplemento<\/b> sensacional. Desde que empec\u00e9 a utilizarlo he notado que tengo m\u00e1s energ\u00eda y mejor humor. He reducido mi apetito y he descubierto una figura que antes estaba oculta bajo una capa de grasa. Recomiendo encarecidamente este producto\u00bb.<\/p>\n<\/blockquote>\n\n\n\n<blockquote class=\"wp-block-quote is-layout-flow wp-block-quote-is-layout-flow\">\n<p><em>Aneta:<\/em> \u00abUtilizando Keto Core, tanto los efectos de p\u00e9rdida de peso como la mejora de mi sistema digestivo me han sorprendido. Mis problemas digestivos han desaparecido y el peso ha bajado 8 kg. Me alegro de haber dado con este <b>suplemento<\/b>\u00ab.<\/p>\n<\/blockquote>\n\n\n\n<p>Muchos usuarios subrayan que una dieta equilibrada y una actividad f\u00edsica regular contribuyen a obtener mejores resultados con Keto Core. Suelen compartir sus experiencias y consejos en foros online\u00bb.<\/p>\n\n\n\n<h2 class=\"wp-block-heading\">Composici\u00f3n de Keto Core &#8211; \u00bfQu\u00e9 contiene?<\/h2>\n\n\n\n<p>Keto Core es un <b>suplemento diet\u00e9tico<\/b> que contiene <b>ingredientes activos<\/b> cuidadosamente seleccionados para apoyar la p\u00e9rdida de peso y estabilizar el metabolismo. <b>Las<\/b> gotas incluyen:<\/p>\n\n\n\n<figure class=\"wp-block-table\"><table class=\"has-fixed-layout\"><tbody><tr><th>Principio activo<\/th><th>Cantidad para 20 gotas<\/th><\/tr><tr><td>Extracto de las hojas del acebo<\/td><td>40 mg<\/td><\/tr><tr><td>Extracto de rizoma de jengibre<\/td><td>20 mg<\/td><\/tr><tr><td>Extracto de hoja de menta<\/td><td>10 mg<\/td><\/tr><tr><td>Extracto de ra\u00edz de lev\u00edstico<\/td><td>10 mg<\/td><\/tr><tr><td>Extracto de hierba y ra\u00edz de diente de le\u00f3n<\/td><td>10 mg<\/td><\/tr><tr><td>Extracto de hierba violeta<\/td><td>10 mg<\/td><\/tr><tr><td>Extracto de hoja de salvia<\/td><td>10 mg<\/td><\/tr><\/tbody><\/table><\/figure>\n\n\n\n<p>Cada uno de los principios activos desempe\u00f1a un papel importante en la acci\u00f3n de Keto Core. Por ejemplo, el extracto de acebo favorece la p\u00e9rdida de peso, mientras que el jengibre mejora la digesti\u00f3n y acelera el metabolismo. <b>Los efectos de<\/b> la menta, por su parte, pueden ayudar a reducir el apetito excesivo. Keto Core no contiene aditivos artificiales ni conservantes, por lo que es una elecci\u00f3n segura para quienes desean mejorar su salud y bienestar.<\/p>\n\n\n\n<p>El <b>suplemento diet\u00e9tico<\/b> Keto Core de 50 ml en forma de gotas se recomienda para uso diario, lo que permite una f\u00e1cil dosificaci\u00f3n e integraci\u00f3n en los rituales de salud diarios. <b>Los usuarios<\/b> pueden notar los primeros efectos, como la reducci\u00f3n de peso, despu\u00e9s de s\u00f3lo la primera semana de uso regular.<\/p>\n\n\n\n<h2 class=\"wp-block-heading\">D\u00f3nde comprar Keto Core &#8211; precio<\/h2>\n\n\n\n<p>Keto Core s\u00f3lo puede adquirirse en <em>el sitio web oficial del fabricante<\/em>. La compra en otras fuentes conlleva el riesgo de adquirir un producto no original. <em>El precio de<\/em> los productos es variable, en funci\u00f3n de las promociones en curso. Merece la pena consultar regularmente la oferta en la p\u00e1gina web del fabricante para beneficiarse de las mejores condiciones de compra.<\/p>\n\n\n\n<p>Cabe se\u00f1alar que el producto no est\u00e1 disponible en las farmacias estacionarias y la compra en l\u00ednea es la \u00fanica opci\u00f3n de compra. Cabe mencionar que la compra en el sitio web oficial garantiza el acceso a promociones que pueden alcanzar hasta el 50%. Por lo tanto, los entusiastas del estilo de vida saludable tienen la oportunidad de comprar Keto Core de forma \u00f3ptima.<\/p>\n\n\n\n<h2 class=\"wp-block-heading\">Posibles efectos secundarios y contraindicaciones de Keto Core<\/h2>\n\n\n\n<p>Aunque Keto Core tiene fama de ser un suplemento diet\u00e9tico seguro, los usuarios deben ser conscientes de los posibles efectos secundarios. Algunas personas pueden experimentar molestias estomacales, dolores de cabeza o n\u00e1useas, especialmente al principio de su uso. Cabe se\u00f1alar que la mayor\u00eda de estos s\u00edntomas son espor\u00e1dicos y pasan a medida que el cuerpo entra en una fase de adaptaci\u00f3n.<\/p>\n\n\n\n<p>Entre <b>las contraindicaciones<\/b> para el uso de Keto Core se incluyen las personas con enfermedades cr\u00f3nicas y las mujeres embarazadas y lactantes. Estos grupos deben evitar especialmente la suplementaci\u00f3n para no comprometer su salud ni la de su beb\u00e9. Se recomienda siempre consultar a un m\u00e9dico antes de empezar a tomar cualquier suplemento, incluido Keto Core, para garantizar la <b>seguridad<\/b> y adaptar la dosis a las necesidades de salud individuales.<\/p>\n\n\n\n<p>La <b>seguridad de<\/b> Keto Core puede aumentarse siguiendo las dosis recomendadas y controlando cualquier reacci\u00f3n del organismo. Siempre es una buena idea estar atento a las se\u00f1ales procedentes de su propio cuerpo y ponerse en contacto con un especialista inmediatamente si experimenta alg\u00fan s\u00edntoma preocupante.<\/p>\n","protected":false},"excerpt":{"rendered":"<p><strong>[date_countdown]<\/strong><\/p>\n<p><img decoding=\"async\" class=\"alignnone  wp-image-12413\" src=\"https:\/\/policlinicalacibismartinez.es\/farmacia\/wp-content\/uploads\/2024\/11\/SAFE-PAY-300x88-1.png\" alt=\"SAFE-PAY\" width=\"170\" height=\"50\" \/><\/p>\n","protected":false},"featured_media":11977,"comment_status":"open","ping_status":"closed","template":"","meta":{"neve_meta_sidebar":"","neve_meta_container":"","neve_meta_enable_content_width":"","neve_meta_content_width":0,"neve_meta_title_alignment":"","neve_meta_author_avatar":"","neve_post_elements_order":"","neve_meta_disable_header":"","neve_meta_disable_footer":"","neve_meta_disable_title":"","neve_meta_reading_time":""},"product_brand":[],"product_cat":[329],"product_tag":[],"class_list":{"0":"post-11978","1":"product","2":"type-product","3":"status-publish","4":"has-post-thumbnail","6":"product_cat-perdida-de-peso","8":"first","9":"instock","10":"sale","11":"shipping-taxable","12":"product-type-external"},"yoast_head":"<!-- This site is optimized with the Yoast SEO plugin v27.4 - https:\/\/yoast.com\/product\/yoast-seo-wordpress\/ -->\n<title>Keto Core - Opiniones, Foro, Precio, Farmacia, Efectos | -50%<\/title>\n<meta name=\"robots\" content=\"index, follow, max-snippet:-1, max-image-preview:large, max-video-preview:-1\" \/>\n<link rel=\"canonical\" href=\"https:\/\/policlinicalacibismartinez.es\/farmacia\/apt\/keto-core\/\" \/>\n<meta property=\"og:locale\" content=\"es_ES\" \/>\n<meta property=\"og:type\" content=\"article\" \/>\n<meta property=\"og:title\" content=\"Keto Core - Opiniones, Foro, Precio, Farmacia, Efectos | -50%\" \/>\n<meta property=\"og:url\" content=\"https:\/\/policlinicalacibismartinez.es\/farmacia\/apt\/keto-core\/\" \/>\n<meta property=\"og:site_name\" content=\"PoliclinicaLacibisMartinez\" \/>\n<meta property=\"article:modified_time\" content=\"2025-01-14T22:05:15+00:00\" \/>\n<meta property=\"og:image\" content=\"https:\/\/policlinicalacibismartinez.es\/farmacia\/wp-content\/uploads\/2024\/11\/KETO-CORE.jpg\" \/>\n\t<meta property=\"og:image:width\" content=\"768\" \/>\n\t<meta property=\"og:image:height\" content=\"768\" \/>\n\t<meta property=\"og:image:type\" content=\"image\/jpeg\" \/>\n<meta name=\"twitter:card\" content=\"summary_large_image\" \/>\n<meta name=\"twitter:description\" content=\"[date_countdown]\" \/>\n<meta name=\"twitter:label1\" content=\"Tiempo de lectura\" \/>\n\t<meta name=\"twitter:data1\" content=\"1 minuto\" \/>\n<script type=\"application\/ld+json\" class=\"yoast-schema-graph\">{\"@context\":\"https:\\\/\\\/schema.org\",\"@graph\":[{\"@type\":\"WebPage\",\"@id\":\"https:\\\/\\\/policlinicalacibismartinez.es\\\/farmacia\\\/apt\\\/keto-core\\\/\",\"url\":\"https:\\\/\\\/policlinicalacibismartinez.es\\\/farmacia\\\/apt\\\/keto-core\\\/\",\"name\":\"Keto Core - Opiniones, Foro, Precio, Farmacia, Efectos | -50%\",\"isPartOf\":{\"@id\":\"https:\\\/\\\/policlinicalacibismartinez.es\\\/farmacia\\\/#website\"},\"primaryImageOfPage\":{\"@id\":\"https:\\\/\\\/policlinicalacibismartinez.es\\\/farmacia\\\/apt\\\/keto-core\\\/#primaryimage\"},\"image\":{\"@id\":\"https:\\\/\\\/policlinicalacibismartinez.es\\\/farmacia\\\/apt\\\/keto-core\\\/#primaryimage\"},\"thumbnailUrl\":\"https:\\\/\\\/policlinicalacibismartinez.es\\\/farmacia\\\/wp-content\\\/uploads\\\/2024\\\/11\\\/KETO-CORE.jpg\",\"datePublished\":\"2024-11-09T11:36:40+00:00\",\"dateModified\":\"2025-01-14T22:05:15+00:00\",\"breadcrumb\":{\"@id\":\"https:\\\/\\\/policlinicalacibismartinez.es\\\/farmacia\\\/apt\\\/keto-core\\\/#breadcrumb\"},\"inLanguage\":\"es\",\"potentialAction\":[{\"@type\":\"ReadAction\",\"target\":[\"https:\\\/\\\/policlinicalacibismartinez.es\\\/farmacia\\\/apt\\\/keto-core\\\/\"]}]},{\"@type\":\"ImageObject\",\"inLanguage\":\"es\",\"@id\":\"https:\\\/\\\/policlinicalacibismartinez.es\\\/farmacia\\\/apt\\\/keto-core\\\/#primaryimage\",\"url\":\"https:\\\/\\\/policlinicalacibismartinez.es\\\/farmacia\\\/wp-content\\\/uploads\\\/2024\\\/11\\\/KETO-CORE.jpg\",\"contentUrl\":\"https:\\\/\\\/policlinicalacibismartinez.es\\\/farmacia\\\/wp-content\\\/uploads\\\/2024\\\/11\\\/KETO-CORE.jpg\",\"width\":768,\"height\":768},{\"@type\":\"BreadcrumbList\",\"@id\":\"https:\\\/\\\/policlinicalacibismartinez.es\\\/farmacia\\\/apt\\\/keto-core\\\/#breadcrumb\",\"itemListElement\":[{\"@type\":\"ListItem\",\"position\":1,\"name\":\"Strona g\u0142\u00f3wna\",\"item\":\"https:\\\/\\\/policlinicalacibismartinez.es\\\/farmacia\\\/\"},{\"@type\":\"ListItem\",\"position\":2,\"name\":\"Produkte\",\"item\":\"https:\\\/\\\/policlinicalacibismartinez.es\\\/farmacia\\\/\"},{\"@type\":\"ListItem\",\"position\":3,\"name\":\"Keto Core\"}]},{\"@type\":\"WebSite\",\"@id\":\"https:\\\/\\\/policlinicalacibismartinez.es\\\/farmacia\\\/#website\",\"url\":\"https:\\\/\\\/policlinicalacibismartinez.es\\\/farmacia\\\/\",\"name\":\"PoliclinicaLacibisMartinez\",\"description\":\"\",\"potentialAction\":[{\"@type\":\"SearchAction\",\"target\":{\"@type\":\"EntryPoint\",\"urlTemplate\":\"https:\\\/\\\/policlinicalacibismartinez.es\\\/farmacia\\\/?s={search_term_string}\"},\"query-input\":{\"@type\":\"PropertyValueSpecification\",\"valueRequired\":true,\"valueName\":\"search_term_string\"}}],\"inLanguage\":\"es\"}]}<\/script>\n<!-- \/ Yoast SEO plugin. -->","yoast_head_json":{"title":"Keto Core - Opiniones, Foro, Precio, Farmacia, Efectos | -50%","robots":{"index":"index","follow":"follow","max-snippet":"max-snippet:-1","max-image-preview":"max-image-preview:large","max-video-preview":"max-video-preview:-1"},"canonical":"https:\/\/policlinicalacibismartinez.es\/farmacia\/apt\/keto-core\/","og_locale":"es_ES","og_type":"article","og_title":"Keto Core - Opiniones, Foro, Precio, Farmacia, Efectos | -50%","og_url":"https:\/\/policlinicalacibismartinez.es\/farmacia\/apt\/keto-core\/","og_site_name":"PoliclinicaLacibisMartinez","article_modified_time":"2025-01-14T22:05:15+00:00","og_image":[{"width":768,"height":768,"url":"https:\/\/policlinicalacibismartinez.es\/farmacia\/wp-content\/uploads\/2024\/11\/KETO-CORE.jpg","type":"image\/jpeg"}],"twitter_card":"summary_large_image","twitter_description":"[date_countdown]","twitter_misc":{"Tiempo de lectura":"1 minuto"},"schema":{"@context":"https:\/\/schema.org","@graph":[{"@type":"WebPage","@id":"https:\/\/policlinicalacibismartinez.es\/farmacia\/apt\/keto-core\/","url":"https:\/\/policlinicalacibismartinez.es\/farmacia\/apt\/keto-core\/","name":"Keto Core - Opiniones, Foro, Precio, Farmacia, Efectos | -50%","isPartOf":{"@id":"https:\/\/policlinicalacibismartinez.es\/farmacia\/#website"},"primaryImageOfPage":{"@id":"https:\/\/policlinicalacibismartinez.es\/farmacia\/apt\/keto-core\/#primaryimage"},"image":{"@id":"https:\/\/policlinicalacibismartinez.es\/farmacia\/apt\/keto-core\/#primaryimage"},"thumbnailUrl":"https:\/\/policlinicalacibismartinez.es\/farmacia\/wp-content\/uploads\/2024\/11\/KETO-CORE.jpg","datePublished":"2024-11-09T11:36:40+00:00","dateModified":"2025-01-14T22:05:15+00:00","breadcrumb":{"@id":"https:\/\/policlinicalacibismartinez.es\/farmacia\/apt\/keto-core\/#breadcrumb"},"inLanguage":"es","potentialAction":[{"@type":"ReadAction","target":["https:\/\/policlinicalacibismartinez.es\/farmacia\/apt\/keto-core\/"]}]},{"@type":"ImageObject","inLanguage":"es","@id":"https:\/\/policlinicalacibismartinez.es\/farmacia\/apt\/keto-core\/#primaryimage","url":"https:\/\/policlinicalacibismartinez.es\/farmacia\/wp-content\/uploads\/2024\/11\/KETO-CORE.jpg","contentUrl":"https:\/\/policlinicalacibismartinez.es\/farmacia\/wp-content\/uploads\/2024\/11\/KETO-CORE.jpg","width":768,"height":768},{"@type":"BreadcrumbList","@id":"https:\/\/policlinicalacibismartinez.es\/farmacia\/apt\/keto-core\/#breadcrumb","itemListElement":[{"@type":"ListItem","position":1,"name":"Strona g\u0142\u00f3wna","item":"https:\/\/policlinicalacibismartinez.es\/farmacia\/"},{"@type":"ListItem","position":2,"name":"Produkte","item":"https:\/\/policlinicalacibismartinez.es\/farmacia\/"},{"@type":"ListItem","position":3,"name":"Keto Core"}]},{"@type":"WebSite","@id":"https:\/\/policlinicalacibismartinez.es\/farmacia\/#website","url":"https:\/\/policlinicalacibismartinez.es\/farmacia\/","name":"PoliclinicaLacibisMartinez","description":"","potentialAction":[{"@type":"SearchAction","target":{"@type":"EntryPoint","urlTemplate":"https:\/\/policlinicalacibismartinez.es\/farmacia\/?s={search_term_string}"},"query-input":{"@type":"PropertyValueSpecification","valueRequired":true,"valueName":"search_term_string"}}],"inLanguage":"es"}]}},"_links":{"self":[{"href":"https:\/\/policlinicalacibismartinez.es\/farmacia\/wp-json\/wp\/v2\/product\/11978","targetHints":{"allow":["GET"]}}],"collection":[{"href":"https:\/\/policlinicalacibismartinez.es\/farmacia\/wp-json\/wp\/v2\/product"}],"about":[{"href":"https:\/\/policlinicalacibismartinez.es\/farmacia\/wp-json\/wp\/v2\/types\/product"}],"replies":[{"embeddable":true,"href":"https:\/\/policlinicalacibismartinez.es\/farmacia\/wp-json\/wp\/v2\/comments?post=11978"}],"wp:featuredmedia":[{"embeddable":true,"href":"https:\/\/policlinicalacibismartinez.es\/farmacia\/wp-json\/wp\/v2\/media\/11977"}],"wp:attachment":[{"href":"https:\/\/policlinicalacibismartinez.es\/farmacia\/wp-json\/wp\/v2\/media?parent=11978"}],"wp:term":[{"taxonomy":"product_brand","embeddable":true,"href":"https:\/\/policlinicalacibismartinez.es\/farmacia\/wp-json\/wp\/v2\/product_brand?post=11978"},{"taxonomy":"product_cat","embeddable":true,"href":"https:\/\/policlinicalacibismartinez.es\/farmacia\/wp-json\/wp\/v2\/product_cat?post=11978"},{"taxonomy":"product_tag","embeddable":true,"href":"https:\/\/policlinicalacibismartinez.es\/farmacia\/wp-json\/wp\/v2\/product_tag?post=11978"}],"curies":[{"name":"wp","href":"https:\/\/api.w.org\/{rel}","templated":true}]}}